{"id":184,"date":"2012-06-22T16:05:51","date_gmt":"2012-06-22T16:05:51","guid":{"rendered":"http:\/\/localhost\/the_practice\/?page_id=184"},"modified":"2018-11-06T15:48:12","modified_gmt":"2018-11-06T15:48:12","slug":"homepage","status":"publish","type":"page","link":"https:\/\/lmsr.is\/","title":{"rendered":"Heim"},"content":{"rendered":"<div class=\"tf-flash-messages\"><\/div>\n<p><script type=\"text\/javascript\"><span data-mce-type=\"bookmark\" style=\"display: inline-block; width: 0px; overflow: hidden; line-height: 0;\" class=\"mce_SELRES_start\">\ufeff<\/span><\/p>\n<p>  var _gaq = _gaq || [];\n  _gaq.push(['_setAccount', 'UA-44543204-1']);\n  _gaq.push(['_trackPageview']);<\/p>\n<p>  (function() {\n    var ga = document.createElement('script'); ga.type = 'text\/javascript'; ga.async = true;\n    ga.src = ('https:' == document.location.protocol ? 'https:\/\/ssl' : 'http:\/\/www') + '.google-analytics.com\/ga.js';\n    var s = document.getElementsByTagName('script')[0]; s.parentNode.insertBefore(ga, s);\n  })();<\/p>\n<p><\/script><\/p>\n<div class=\"row\">\n<div class=\"col col_2_5 \">\n<div class=\"inner\">\n    <!-- text slider --><\/p>\n<div id=\"text_slider456\" class=\"slideshow slideText\">\n<div class=\"slides_container\">\n<div class=\"slide\">\n<h3>\u00dej\u00f3nusta \u00ed heimabygg\u00f0:<\/h3>\n<p>Vi\u00f0 s\u00e9rh\u00e6fum okkur \u00ed a\u00f0 sinna fj\u00f6lskyldum, f\u00e9lagasamt\u00f6kum og fyrirt\u00e6kjum \u00e1 Su\u00f0urnesjum.<\/p>\n<\/div>\n<div class=\"slide\">\n<h3>Kaffi \u00e1 k\u00f6nnunni<\/h3>\n<p>Vi\u00f0 veitum gjaldfrj\u00e1lsa r\u00e1\u00f0gj\u00f6f og t\u00f6kum vel \u00e1 m\u00f3ti vi\u00f0skiptavinum til skrafs og r\u00e1\u00f0ager\u00f0a.<\/p>\n<\/div>\n<div class=\"slide\">\n<h3>Fyrirhyggja betri en kapp og \u00ferj\u00f3ska<\/h3>\n<p>Hygginn fer\u00f0alangur \u00feiggur r\u00e1\u00f0gj\u00f6f \u00e1\u00f0ur en hann kl\u00edfur tindinn en ekki \u00e1 heimlei\u00f0inni.<\/p>\n<p><a href=\"https:\/\/lmsr.is\/?page_id=826\" class=\"link-more\">n\u00e1nar<\/a><\/div>\n<div class=\"slide\">\n<h3>\u00dar H\u00e1vam\u00e1lum:<\/h3>\n<p>Mildir, fr\u00e6knir<br \/>\nmenn best lifa,<br \/>\nsjaldan s\u00fat ala.<br \/>\nEn \u00f3snjallur ma\u00f0ur<br \/>\nuggir hotvetna:<br \/>\nS\u00fdtir \u00e6 gl\u00f6ggur vi\u00f0 gj\u00f6fum.<\/p>\n<\/div><\/div>\n<\/p><\/div>\n<p>    <script language=\"javascript\" type=\"text\/javascript\">\n       jQuery(document).ready(function($){\n            jQuery(\"#text_slider456\").slides({\n                effect: \"fade\",\n                fadeSpeed: 100,\n                play: 10000,\n                pause: 10000,\n                hoverPause: true,\n                autoHeight: true\n                });\n        });\n    <\/script><br \/>\n    <!--\/ text slider --><\/div>\n<\/div>\n<div class=\"col col_1_5 \">\n<div class=\"inner\">\n<div class=\"wp-caption alignnone\"><a href=\"#\" target=\"_self\"><img src=\"https:\/\/lmsr.is\/wp-content\/uploads\/2013\/08\/framed_image_2.jpg\" alt=\"M\u00e1lflutningur\" width=\"158\" height=\"126\" ><\/a><\/p>\n<p class=\"wp-caption-text\">M\u00e1lflutningur<\/p>\n<\/div>\n<\/div>\n<\/div>\n<div class=\"col col_1_5 \">\n<div class=\"inner\">\n<div class=\"wp-caption alignnone\"><a href=\"#\" target=\"_self\"><img src=\"https:\/\/lmsr.is\/wp-content\/uploads\/2012\/06\/framed_image_3.jpg\" alt=\"Samningager\u00f0\" width=\"158\" height=\"126\" ><\/a><\/p>\n<p class=\"wp-caption-text\">Samningager\u00f0<\/p>\n<\/div>\n<\/div>\n<\/div>\n<div class=\"col col_1_5 \">\n<div class=\"inner\">\n<div class=\"wp-caption alignnone\"><a href=\"#\" target=\"_self\"><img src=\"https:\/\/lmsr.is\/wp-content\/uploads\/2012\/06\/framed_image_1.jpg\" alt=\"Sakam\u00e1l\" width=\"158\" height=\"126\" ><\/a><\/p>\n<p class=\"wp-caption-text\">Sakam\u00e1l<\/p>\n<\/div>\n<\/div>\n<\/div>\n<\/div>\n<div class=\"clear\"><\/div>\n<p><!-- 2\/5 + 3 x 1\/5 columns --><\/p>\n<div class=\"divider_space\"><\/div>\n","protected":false},"excerpt":{"rendered":"","protected":false},"author":1,"featured_media":0,"parent":0,"menu_order":0,"comment_status":"open","ping_status":"open","template":"","meta":[],"_links":{"self":[{"href":"https:\/\/lmsr.is\/index.php?rest_route=\/wp\/v2\/pages\/184"}],"collection":[{"href":"https:\/\/lmsr.is\/index.php?rest_route=\/wp\/v2\/pages"}],"about":[{"href":"https:\/\/lmsr.is\/index.php?rest_route=\/wp\/v2\/types\/page"}],"author":[{"embeddable":true,"href":"https:\/\/lmsr.is\/index.php?rest_route=\/wp\/v2\/users\/1"}],"replies":[{"embeddable":true,"href":"https:\/\/lmsr.is\/index.php?rest_route=%2Fwp%2Fv2%2Fcomments&post=184"}],"version-history":[{"count":27,"href":"https:\/\/lmsr.is\/index.php?rest_route=\/wp\/v2\/pages\/184\/revisions"}],"predecessor-version":[{"id":1114,"href":"https:\/\/lmsr.is\/index.php?rest_route=\/wp\/v2\/pages\/184\/revisions\/1114"}],"wp:attachment":[{"href":"https:\/\/lmsr.is\/index.php?rest_route=%2Fwp%2Fv2%2Fmedia&parent=184"}],"curies":[{"name":"wp","href":"https:\/\/api.w.org\/{rel}","templated":true}]}}