{"id":21,"date":"2012-06-21T07:45:41","date_gmt":"2012-06-21T07:45:41","guid":{"rendered":"http:\/\/localhost\/the_practice\/?page_id=21"},"modified":"2016-08-08T08:58:51","modified_gmt":"2016-08-08T08:58:51","slug":"contact","status":"publish","type":"page","link":"https:\/\/lmsr.is\/?page_id=21","title":{"rendered":"Hafa samband"},"content":{"rendered":"<div class=\"tf-flash-messages\"><\/div>\n<p><script type=\"text\/javascript\">\/\/ <![CDATA[\nvar _gaq = _gaq || []; _gaq.push(['_setAccount', 'UA-44543204-1']); _gaq.push(['_trackPageview']); (function() { var ga = document.createElement('script'); ga.type = 'text\/javascript'; ga.async = true; ga.src = ('https:' == document.location.protocol ? 'https:\/\/ssl' : 'http:\/\/www') + '.google-analytics.com\/ga.js'; var s = document.getElementsByTagName('script')[0]; s.parentNode.insertBefore(ga, s); })();\n\/\/ ]]><\/script><\/p>\n\r\n\r\nL\u00f6gmannsstofa Reykjaness ehf er opin alla virka daga fr\u00e1 08:00 - 17:00 en h\u00e6gt er a\u00f0 hafa samband allan s\u00f3larhringinn \u00ed s\u00edma: 699-4971. \u00deurfir \u00fe\u00fa \u00e1 l\u00f6gmannsa\u00f0sto\u00f0 a\u00f0 halda e\u00f0a viljir beina fyrirspurn til L\u00f6gmannsstofu Reykjaness \u00fe\u00e1 getur \u00fe\u00fa sent t\u00f6lvup\u00f3st \u00e1: lmsr@lmsr.is. Vi\u00f0 munum svara erindi \u00fe\u00ednu eins flj\u00f3tt og kostur er.\r\n\r\n","protected":false},"excerpt":{"rendered":"<p>L\u00f6gmannsstofa Reykjaness ehf er opin alla virka daga fr\u00e1 08:00 &#8211; 17:00 en h\u00e6gt er a\u00f0 hafa samband allan s\u00f3larhringinn \u00ed s\u00edma: 699-4971. \u00deurfir \u00fe\u00fa \u00e1 l\u00f6gmannsa\u00f0sto\u00f0 a\u00f0 halda e\u00f0a viljir beina fyrirspurn til L\u00f6gmannsstofu Reykjaness \u00fe\u00e1 getur \u00fe\u00fa sent t\u00f6lvup\u00f3st \u00e1: lmsr@lmsr.is. Vi\u00f0 munum svara erindi \u00fe\u00ednu eins flj\u00f3tt og kostur er.<\/p>\n","protected":false},"author":1,"featured_media":0,"parent":0,"menu_order":0,"comment_status":"open","ping_status":"open","template":"","meta":[],"_links":{"self":[{"href":"https:\/\/lmsr.is\/index.php?rest_route=\/wp\/v2\/pages\/21"}],"collection":[{"href":"https:\/\/lmsr.is\/index.php?rest_route=\/wp\/v2\/pages"}],"about":[{"href":"https:\/\/lmsr.is\/index.php?rest_route=\/wp\/v2\/types\/page"}],"author":[{"embeddable":true,"href":"https:\/\/lmsr.is\/index.php?rest_route=\/wp\/v2\/users\/1"}],"replies":[{"embeddable":true,"href":"https:\/\/lmsr.is\/index.php?rest_route=%2Fwp%2Fv2%2Fcomments&post=21"}],"version-history":[{"count":16,"href":"https:\/\/lmsr.is\/index.php?rest_route=\/wp\/v2\/pages\/21\/revisions"}],"predecessor-version":[{"id":1095,"href":"https:\/\/lmsr.is\/index.php?rest_route=\/wp\/v2\/pages\/21\/revisions\/1095"}],"wp:attachment":[{"href":"https:\/\/lmsr.is\/index.php?rest_route=%2Fwp%2Fv2%2Fmedia&parent=21"}],"curies":[{"name":"wp","href":"https:\/\/api.w.org\/{rel}","templated":true}]}}