{"id":25,"date":"2012-06-21T07:57:21","date_gmt":"2012-06-21T07:57:21","guid":{"rendered":"http:\/\/localhost\/the_practice\/?page_id=25"},"modified":"2025-02-19T21:46:44","modified_gmt":"2025-02-19T21:46:44","slug":"careers","status":"publish","type":"page","link":"https:\/\/lmsr.is\/?page_id=25","title":{"rendered":"Gjaldskr\u00e1"},"content":{"rendered":"<div class=\"tf-flash-messages\"><\/div>\n<p style=\"text-align: left;\"><strong>Gjaldskr\u00e1 L\u00f6gmannsstofu Reykjaness ehf.<\/strong><\/p>\n<p>L\u00f6gmanni er r\u00e9tt a\u00f0 \u00e1skilja s\u00e9r h\u00e6filega \u00fe\u00f3knun fyrir st\u00f6rf s\u00edn, me\u00f0 hli\u00f0sj\u00f3n af \u00feeim hagsmunum, sem um er fjalla\u00f0 og \u00fev\u00ed verki, sem \u00ed t\u00e9 er l\u00e1ti\u00f0. Einnig er l\u00f6gmanni heimilt a\u00f0 \u00e1skilja s\u00e9r hluta af fj\u00e1rh\u00e6\u00f0 m\u00e1lsins og h\u00e6rri \u00fe\u00f3knun, ef m\u00e1l vinnst, en ef \u00fea\u00f0 tapast.<\/p>\n<p>Eftirfarandi gjaldskr\u00e1 er gjaldskr\u00e1 L\u00f6gmannsstofu Reykjaness ehf. kt. 650613-1550, Hafnargata 35, 230 Reykjanesb\u00e6 og gildir nema \u00f6\u00f0ru v\u00edsi s\u00e9 s\u00e9rstaklega um sami\u00f0.<\/p>\n<p>\u00ddmsir \u00fe\u00e6ttir \u00fej\u00f3nustu l\u00f6gmanna falla ekki undir \u00feessa gjaldskr\u00e1. Vi\u00f0 gjaldt\u00f6ku \u00ed \u00feeim tilvikum er teki\u00f0 tillit til mismunandi a\u00f0st\u00e6\u00f0na, \u00fe.\u00e1.m. e\u00f0lis vinnunnar og umfangs, \u00e1byrg\u00f0ar l\u00f6gmanns, hagsmuna vi\u00f0skiptamanns, vinnuframlags og ni\u00f0urst\u00f6\u00f0u m\u00e1lsins. Starfsmenn L\u00f6gmannsstofu Reykjaness halda s\u00e9rstaka skr\u00e1 yfir vinnustundir vi\u00f0 einst\u00f6k m\u00e1l, \u00fear sem \u00fe\u00f3knun \u00e1kvar\u00f0ast ekki eing\u00f6ngu af hagsmunum.<\/p>\n<p>Hvar, sem \u00fe\u00f3knun \u00ed gjaldskr\u00e1 \u00feessari er \u00e1kve\u00f0in a\u00f0 kr\u00f3nut\u00f6lu en ekki sem hundra\u00f0shluti af ver\u00f0m\u00e6ti, skal l\u00edta \u00e1 fj\u00e1rh\u00e6\u00f0 \u00fe\u00f3knunarinnar sem grunngjald, er breytist \u00ed samr\u00e6mi vi\u00f0 breytingar \u00e1 v\u00edsit\u00f6lu og launa\u00fer\u00f3un.<\/p>\n<p>\u00darskur\u00f0arnefnd l\u00f6gmanna \u00e1 \u00e6t\u00ed\u00f0 \u00farskur\u00f0 um endurgjald fyrir l\u00f6gmannsst\u00f6rf.<\/p>\n<p><strong>I. KAFLI &#8211; ALMENNT<\/strong><br \/>\n<strong>1. gr.<\/strong><br \/>\nGjaldskr\u00e1 \u00feessi gildir fyrir \u00fej\u00f3nustu L\u00f6gmannsstofu Reykjaness ehf. kt. 650613-1550.<\/p>\n<p><strong>2. gr.<\/strong><br \/>\nL\u00f6gmenn, l\u00f6gl\u00e6r\u00f0ir fulltr\u00faar og a\u00f0rir starfsmenn L\u00f6gmannsstofu Reykjaness \u00e1skilja s\u00e9r h\u00e6filega \u00fe\u00f3knun fyrir st\u00f6rf s\u00edn, me\u00f0 hli\u00f0sj\u00f3n af \u00feeim hagsmunum, sem um er fjalla\u00f0 og \u00fev\u00ed verki, sem \u00ed t\u00e9 er l\u00e1ti\u00f0. N\u00e6r \u00feetta jafnframt til hlutdeildar \u00ed fj\u00e1rh\u00e6\u00f0 m\u00e1lsins og me\u00f0 hli\u00f0sj\u00f3n af ni\u00f0urst\u00f6\u00f0u m\u00e1ls sbr. 1. mgr. 24. gr. laga um l\u00f6gmenn nr. 77\/1998.<\/p>\n<p>Gjaldskr\u00e1 \u00feessi hefur a\u00f0 geyma almennar vi\u00f0mi\u00f0unarreglur um gjaldt\u00f6ku fyrir veitta l\u00f6gfr\u00e6\u00f0i\u00fej\u00f3nustu, innheimtu\u00fej\u00f3nustu, fasteignas\u00f6lu\u00fej\u00f3nustu e\u00f0a a\u00f0ra \u00fej\u00f3nustu L\u00f6gmannsstofu Reykjaness s\u00e9 ekki um anna\u00f0 sami\u00f0.<\/p>\n<p>Auk \u00fe\u00f3knunar ber vi\u00f0skiptama\u00f0ur \u00e1byrg\u00f0 \u00e1 \u00fatl\u00f6g\u00f0um kostna\u00f0i vegna einstakra m\u00e1la.\u00a0\u00de\u00f3knun skal almennt greidd fyrirfram me\u00f0 hli\u00f0sj\u00f3n af v\u00e6ntanlegu umfangi verks.\u00a0Gjaldskr\u00e1in \u00e1 a\u00f0 lei\u00f0a til sanngjarnrar gjaldt\u00f6ku fyrir vinnu l\u00f6gmanna, fulltr\u00faa l\u00f6gmanna og annarra starfsmanna L\u00f6gmannsstofu Reykjaness.<\/p>\n<p>Vi\u00f0skiptamanni ber a\u00f0 kynna s\u00e9r gjaldskr\u00e1 \u00feessa og er hann \u00e1byrgur fyrir grei\u00f0slu \u00fe\u00f3knunar og \u00fatlag\u00f0s kostna\u00f0ar, hvort sem h\u00fan f\u00e6st greidd \u00far hendi gagna\u00f0ila e\u00f0ur ei.<\/p>\n<p><strong>3. gr.<\/strong><br \/>\n\u00c1kv\u00f6r\u00f0un \u00fe\u00f3knunar m\u00f3tast af \u00feeim fj\u00e1rhagslegu hagsmunum sem tengjast \u00fev\u00ed verki sem unni\u00f0 er e\u00f0a a\u00f0 \u00fe\u00f3knun er \u00e1kv\u00f6r\u00f0u\u00f0 samkv\u00e6mt t\u00edmagjaldi. E\u00f0li verks e\u00f0a samningur l\u00f6gmanns og vi\u00f0skiptavinar r\u00e6\u00f0ur \u00fev\u00ed hvor a\u00f0fer\u00f0in er notu\u00f0<\/p>\n<p>S\u00e9 \u00fe\u00f3knun samkv\u00e6mt hagsmunatengdri gjaldskr\u00e1 l\u00e6gri en nemur \u00fe\u00f3knun samkv\u00e6mt t\u00edmaskr\u00e1ningu sbr. XVIII. kafla \u00fe\u00e1 grei\u00f0ist \u00fe\u00f3knun fyrir vinnu samkv\u00e6mt t\u00edmaskr\u00e1ningu.<\/p>\n<p>L\u00f6gmannsstofu Reykjaness er heimilt a\u00f0 \u00e1skilja s\u00e9r hluta af fj\u00e1rh\u00e6\u00f0 m\u00e1ls og h\u00e6rri \u00fe\u00f3knun me\u00f0 hli\u00f0sj\u00f3n af \u00feeim hagsmunum, sem um er fjalla\u00f0 og \u00fev\u00ed verki sem l\u00e1ti\u00f0 er \u00ed t\u00e9, svo sem ef verkefni reynast \u00f3venju t\u00edmafrek.<\/p>\n<p>Vi\u00f0skiptama\u00f0ur \u00e1 r\u00e9tt \u00e1 afriti af t\u00edmask\u00fdrslur til sk\u00fdringar \u00e1 reikningi og skulu t\u00edmask\u00fdrslur a\u00f0 jafna\u00f0i fylgja reikningum, sbr. 14.-15. gr. si\u00f0areglna l\u00f6gmanna.<\/p>\n<p><strong>4. gr.<\/strong><br \/>\nAllar \u00fe\u00f3knunarfj\u00e1rh\u00e6\u00f0ir \u00ed gjaldskr\u00e1nni eru tilgreindar \u00e1n vir\u00f0isaukaskatts sem er 24,00%.<\/p>\n<p><strong>II. KAFLI &#8211; M\u00c1LFLUTNINGUR<\/strong><br \/>\n<strong>5. gr.<\/strong><br \/>\n\u00c1kv\u00e6\u00f0i II. kafla taka til m\u00e1lflutnings fyrir d\u00f3mi og eftir \u00fev\u00ed sem vi\u00f0 \u00e1, fyrir stj\u00f3rnvaldi, ger\u00f0ard\u00f3mi og nefndum.<\/p>\n<p>\u00de\u00f3knun vegna m\u00e1lflutnings skal almennt \u00e1kv\u00f6r\u00f0u\u00f0 me\u00f0 tilliti til \u00feeirra hagsmuna, sem um er fjalla\u00f0. M\u00e1lflutnings\u00fe\u00f3knun er reiknu\u00f0 af samanlag\u00f0ri fj\u00e1rh\u00e6\u00f0 h\u00f6f\u00f0ust\u00f3ls og vaxta vi\u00f0 d\u00f3mt\u00f6ku m\u00e1ls. M\u00e1lflutnings\u00fe\u00f3knun samkv\u00e6mt \u00feessari grein getur \u00fe\u00f3 aldrei or\u00f0i\u00f0 l\u00e6gri en sem nemur t\u00edmagjaldi samkv\u00e6mt t\u00edmaskr\u00e1ningu, sbr. XVIII. kafla.<\/p>\n<p>M\u00e1lskostna\u00f0ur sem d\u00e6mdur er \u00ed m\u00e1li, fellur til m\u00e1lsa\u00f0ila og hefur \u00e1kv\u00f6r\u00f0un d\u00f3msins um fj\u00e1rh\u00e6\u00f0 m\u00e1lskostna\u00f0ar ekki \u00e1hrif \u00e1 \u00fatreikning m\u00e1lflutnings\u00fe\u00f3knunar.<\/p>\n<p>Vi\u00f0skiptavinur ber \u00e1byrg\u00f0 \u00e1 grei\u00f0slu m\u00e1lflutnings\u00fe\u00f3knunar l\u00f6gmanns.<\/p>\n<p><strong>6. gr.<\/strong><br \/>\n\u00deegar m\u00e1l er flutt munnlega e\u00f0a gagna\u00f6flun fer fram eftir \u00feingfestingu, er \u00fe\u00f3knun kr. 250.000.- a\u00f0 vi\u00f0b\u00e6ttum 15% af stefnufj\u00e1rh\u00e6\u00f0 og v\u00f6xtum, allt a\u00f0 kr. 4.270.000.-, 7% af n\u00e6stu 8.240.000.- og 4% af \u00fev\u00ed sem umfram er.<\/p>\n<p><strong>7. gr.<\/strong><br \/>\n\u00cd m\u00e1lum sem rekin eru skv. XVII. kafla laga um me\u00f0fer\u00f0 einkam\u00e1la og almennum skuldam\u00e1lum, sem eigi fer fram gagna\u00f6flun \u00ed eftir \u00feingfestingu e\u00f0a d\u00f3mtekin eru \u00e1 \u00feingfestingardegi, skal grunngjald m\u00e1lflutnings\u00fe\u00f3knunar vera kr.32.000.- a\u00f0 vi\u00f0b\u00e6ttum 15% af stefnufj\u00e1rh\u00e6\u00f0 og v\u00f6xtum, allt a\u00f0 kr. 257.000.- 10% af n\u00e6stu kr. 4.000.000.- 5% af n\u00e6stu kr. 8.000.000.- og 3% af \u00fev\u00ed sem umfram er.<\/p>\n<p><strong>8. gr.<\/strong><br \/>\n\u00cd m\u00e1lum sem ver\u00f0a s\u00e6tt eftir \u00feingfestingu en fyrir a\u00f0alme\u00f0fer\u00f0 og \u00ed m\u00e1lum sem \u00ed ver\u00f0ur \u00fativist af h\u00e1lfu stefnda s\u00ed\u00f0ar en vi\u00f0 \u00feingfestingu skal grunngjald vera kr. 250.000,- a\u00f0 vi\u00f0b\u00e6ttum 12,5% af stefnufj\u00e1rh\u00e6\u00f0 og v\u00f6xtum, allt a\u00f0 kr. 3.700.000,-, 6% af n\u00e6stu kr. 7.000.000,- og 3% af \u00fev\u00ed, sem umfram er.<\/p>\n<p><strong>9. gr.<\/strong><br \/>\n\u00cd m\u00e1lum \u00fear sem \u00f6r\u00f0ugt er a\u00f0 meta hagsmuni til fj\u00e1r og \u00fear sem um l\u00e1gar fj\u00e1rh\u00e6\u00f0ir er a\u00f0 r\u00e6\u00f0a en \u00farslit m\u00e1ls hafa \u00fe\u00fd\u00f0ingu fyrir \u00f3tiltekinn fj\u00f6lda a\u00f0ila skal \u00fe\u00f3knun a\u00f0 jafna\u00f0i mi\u00f0ast vi\u00f0 t\u00edmagjald eftir umfangi m\u00e1ls nema s\u00e9rstaklega standi \u00e1.<\/p>\n<p>L\u00f6gmanni er heimilt vi\u00f0 \u00e1kv\u00f6r\u00f0un \u00fe\u00f3knunar a\u00f0 taka tillit til \u00feess \u00feegar hagsmunir vi\u00f0skiptamanns af m\u00e1ls\u00farslitum eru meiri en kr\u00f6fufj\u00e1rh\u00e6\u00f0.<\/p>\n<p><strong>10. gr.<\/strong><br \/>\nL\u00f6gma\u00f0ur \u00e1 r\u00e9tt \u00e1 s\u00e9rstakri \u00fe\u00f3knun fyrir flutning um formhli\u00f0 m\u00e1ls, d\u00f3mkva\u00f0ningu matsmanna, me\u00f0fer\u00f0 matsm\u00e1ls og vegna h\u00f6f\u00f0unar og reksturs vitnam\u00e1ls, allt eftir umfangi verks og vinnuframlagi.<\/p>\n<p><strong>11. gr.<\/strong><br \/>\nAuk \u00fe\u00f3knunar, samkv\u00e6mt greinum 5-10 \u00ed \u00feessum kafla kemur til vi\u00f0b\u00f3tar \u00fe\u00f3knun fyrir m\u00f3t samkv\u00e6mt IV. kafla.<\/p>\n<p><strong>III. KAFLI &#8211; INNHEIMTUR.<\/strong><br \/>\n<strong>12. gr.<\/strong><br \/>\nInnheimtu\u00fe\u00f3knun samkv\u00e6mt ne\u00f0angreindu skal reikna af samanlag\u00f0ri fj\u00e1rh\u00e6\u00f0 h\u00f6fu\u00f0st\u00f3ls og vaxta. Skuldari kr\u00f6fu stendur skil \u00e1 innheimtu\u00fe\u00f3knun en skuldareigandi a\u00f0 \u00fev\u00ed leyti, sem innheimtan reynist \u00e1rangurslaus. Innborgun \u00e1 kr\u00f6fu gengur fyrst til grei\u00f0slu \u00fatlag\u00f0s kostna\u00f0ar og innheimtu\u00fe\u00f3knunar. Uppgj\u00f6r til skuldareiganda skal a\u00f0 jafna\u00f0i vera 15. dagur hvers m\u00e1na\u00f0ar vegna \u00feeirra grei\u00f0slna sem inntar eru af hendi \u00ed m\u00e1nu\u00f0inum \u00e1 undan.<\/p>\n<p>Grunngjald innheimtu\u00fe\u00f3knunar er kr. 6.500.-<\/p>\n<p>Vi\u00f0 b\u00e6tist, af samanlag\u00f0ri fj\u00e1rh\u00e6\u00f0 h\u00f6f\u00f0ust\u00f3ls og vaxta:<\/p>\n<p>25% af fyrstu 90.000.- kr\u00f3num innheimtufj\u00e1rh\u00e6\u00f0ar,<\/p>\n<p>10% af n\u00e6stu 650.000.- kr\u00f3num innheimtufj\u00e1rh\u00e6\u00f0ar,<\/p>\n<p>5% af n\u00e6stu 6.500.000.- kr\u00f3num innheimtufj\u00e1rh\u00e6\u00f0ar,<\/p>\n<p>3% af n\u00e6stu 10.000.000.- kr\u00f3num innheimtufj\u00e1rh\u00e6\u00f0ar og<\/p>\n<p>2% af \u00fev\u00ed sem umfram er.<\/p>\n<p>S\u00e9 innheimtan fyrir a\u00f0ila b\u00fasettan erlendis skal kr\u00f6fuhafi grei\u00f0a 10% af innheimtri fj\u00e1rh\u00e6\u00f0 auk \u00fe\u00f3knunar samkv\u00e6mt 12. gr.<\/p>\n<p>\u00deegar stofnun kr\u00f6fu hefur \u00ed f\u00f6r me\u00f0 s\u00e9r aukna vinnu e\u00f0a kostna\u00f0 vegna e\u00f0lis kr\u00f6funnar, s.s. um l\u00f6gve\u00f0sk\u00f6fur \u00feegar kanna \u00fearf \u00feingl\u00fdstan eiganda og hvort eign s\u00e9 \u00e1 uppbo\u00f0i, e\u00f0a anna\u00f0 \u00feess h\u00e1ttar, er teki\u00f0 s\u00e9rstakt vi\u00f0b\u00f3targjald fyrir \u00fe\u00e1 vinnu. Gjaldi\u00f0 fer eftir umfangi \u00feessarar vi\u00f0b\u00f3tarvinnu.<\/p>\n<p><strong>13. gr<\/strong>.<br \/>\nKr\u00f6fuhafi ber, gagnvart l\u00f6gmanni, \u00e1byrg\u00f0 \u00e1 grei\u00f0slu \u00fe\u00f3knunar og \u00f6llum \u00fatl\u00f6g\u00f0um kostna\u00f0i l\u00f6gmanns \u00e1samt v\u00f6xtum.<\/p>\n<p><strong>14. gr.<\/strong><br \/>\n\u00de\u00f3knun er kr. 25.000.- fyrir ritun grei\u00f0slu\u00e1skorunar, bei\u00f0nar um a\u00f0f\u00f6r, nau\u00f0ungars\u00f6lu og v\u00f6rslusviptingu, kr\u00f6ful\u00fdsingar, kr\u00f6fu um gjald\u00ferotaskipti og ritun afturk\u00f6llunar s\u00f6mu atri\u00f0a.<\/p>\n<p><strong>IV. KAFLI &#8211; M\u00d3T.<\/strong><br \/>\n<strong>15. gr.<\/strong><br \/>\nFyrir athugun \u00e1 eignast\u00f6\u00f0u fyrir fullnustuger\u00f0ir sem og k\u00f6nnun \u00e1 fj\u00e1rhagsst\u00f6\u00f0u einstaklinga og fyrirt\u00e6kja, af \u00f6\u00f0ru tilefni, svo sem me\u00f0 leit \u00ed bifrei\u00f0askr\u00e1, fasteignaskr\u00e1, vanskilaskr\u00e1 L\u00e1nstrausts hf. og g\u00f6gnum e\u00f0a gagnaskr\u00e1m. Reiknast \u00fe\u00f3knun samkv\u00e6mt t\u00edmagjaldi, \u00fe\u00f3 a\u00f0 l\u00e1gmarki kr. 5.000. \u00de\u00f3knun fyrir k\u00f6nnun \u00e1 st\u00f6\u00f0u grei\u00f0anda \u00e1 vanskilaskr\u00e1m, \u00f6flun uppl\u00fdsinga um heimilisfang \u00ed \u00fej\u00f3\u00f0skr\u00e1 og fyrirt\u00e6kjaskr\u00e1 og a\u00f0ra samb\u00e6rilega \u00f6flun uppl\u00fdsinga, svo og \u00fatprentun ve\u00f0bandayfirlita og annarra \u00fatskrifta, er kr. 2.000,-.<\/p>\n<p>Fyrir \u00f6flun uppl\u00fdsinga um st\u00f6\u00f0u \u00e1hv\u00edlandi l\u00e1na, ver\u00f0m\u00e6ti eigna og annan undirb\u00faning fyrir framhaldss\u00f6lur eigna reiknast \u00fe\u00f3knun samkv\u00e6mt t\u00edmagjaldi, \u00fe\u00f3 a\u00f0 l\u00e1gmarki kr. 6.800, auk \u00fatlag\u00f0s kostna\u00f0ar.<\/p>\n<p><strong>16. gr.<\/strong><br \/>\n\u00de\u00f3knun fyrir m\u00f3t samkv\u00e6mt ne\u00f0angreindu, reiknast af samanlag\u00f0ri fj\u00e1rh\u00e6\u00f0 h\u00f6fu\u00f0st\u00f3ls og vaxta.<\/p>\n<p>1. Fyrir fyrsta m\u00f3t vi\u00f0 a\u00f0f\u00f6r, vi\u00f0 nau\u00f0ungars\u00f6lume\u00f0fer\u00f0, kyrrsetningu, l\u00f6gbanns- og l\u00f6ggeymsluger\u00f0ir, svo og \u00fatbur\u00f0ar- og innsetningarger\u00f0ir skal mi\u00f0a vi\u00f0 kr\u00f6fufj\u00e1rh\u00e6\u00f0 sem h\u00e9r segir: kr. 12.000,- af fyrstu kr. 50.000,- kr. 6.000,- af n\u00e6stu kr. 50.000,-, 0,5% af n\u00e6stu kr. 500.000,- og 0,25% af \u00fev\u00ed sem umfram er.<\/p>\n<p>2. Fyrir seinni m\u00f3t hj\u00e1 s\u00fdslum\u00f6nnum skal grei\u00f0a kr. 8.000. Fari meiri t\u00edmi til verksins, me\u00f0 fer\u00f0um en 30 m\u00edn\u00fatur, skal fyrrgreind fj\u00e1rh\u00e6\u00f0 reiknast fyrir hverjar byrja\u00f0ar 30 m\u00edn\u00fatur.<\/p>\n<p>3. Fyrir m\u00f3t vi\u00f0 fyrirt\u00f6ku m\u00e1ls \u00ed h\u00e9ra\u00f0sd\u00f3mi e\u00f0a fyrir stj\u00f3rnvaldi ef \u00fe\u00f3knun er ekki reiknu\u00f0 samkv\u00e6mt XVIII. kafla. e\u00f0a 1. e\u00f0a 2. tl. h\u00e9r a\u00f0 framan, skal \u00fe\u00f3knun vera kr. 12.000, e\u00f0a samkv\u00e6mt t\u00edmagjaldi, fari meiri t\u00edmi til verksins, me\u00f0 fer\u00f0um, en 1 klukkustund.<\/p>\n<p>4. Fyrir m\u00f3t \u00ed m\u00e1lum, \u00fear sem \u00f6r\u00f0ugt er a\u00f0 meta hagsmuni til fj\u00e1r, skal vi\u00f0 \u00e1kv\u00f6r\u00f0un \u00fe\u00f3knunar taka tillit til mikilv\u00e6gis m\u00e1lsins, umfangs \u00feess, sem og \u00feess t\u00edma sem me\u00f0fer\u00f0 m\u00e1lsins tekur.<\/p>\n<p><strong>V. KAFLI &#8211; TJ\u00d3NAB\u00c6TUR.<\/strong><\/p>\n<p><strong>17. gr<\/strong>.<br \/>\nFyrir uppgj\u00f6r og samninga um tj\u00f3nsb\u00e6tur skal \u00fe\u00f3knun vera samkv\u00e6mt \u00e1kv\u00e6\u00f0um XVIII. kafla. a\u00f0 vi\u00f0b\u00e6ttu 25% \u00e1lagi ef gagna\u00f6flun er samfara<\/p>\n<p><strong>18. gr.<\/strong><br \/>\nHagsmunatengd \u00fe\u00f3knun fyrir samninga um tj\u00f3nab\u00e6tur og uppgj\u00f6r er hin sama og l\u00fdst er \u00ed III. kafla. \u00de\u00f3knun er reiknu\u00f0 af samanlag\u00f0ri heildarfj\u00e1rh\u00e6\u00f0 ef tj\u00f3nab\u00e6tur eru s\u00f3ttar til fleiri en eins a\u00f0ila. Heimilt er l\u00f6gmanni a\u00f0 leggja 25% \u00e1lag vi\u00f0 \u00fe\u00f3knun skv. \u00feessari grein ef gagna\u00f6flun er umfangsmikil.<\/p>\n<p>Fyrir uppgj\u00f6r b\u00f3ta \u00far slysatryggingum og \u00f6\u00f0rum samb\u00e6rilegum tryggingum skal \u00fe\u00f3knun vera 10% af innheimtum b\u00f3tum.<br \/>\nFyrir ritun bei\u00f0nar um mat \u00e1 \u00f6rorku skal grei\u00f0a kr. 80.000,-<\/p>\n<p><strong>19. gr.<\/strong><br \/>\n\u00de\u00f3knun fyrir innheimtu tj\u00f3nab\u00f3ta, \u00feegar reka \u00fearf m\u00e1li\u00f0 fyrir d\u00f3mst\u00f3lum, er samkv\u00e6mt II. kafla.<\/p>\n<p><strong>VI. KAFLI &#8211; ERF\u00d0ASKR\u00c1R.<\/strong><br \/>\n<strong>20. gr.<\/strong><br \/>\n\u00de\u00f3knun fyrir ger\u00f0 erf\u00f0askr\u00e1r er kr. 65.000.- auk t\u00edmagjalds samkv\u00e6mt XVIII. kafla. fyrir \u00feann t\u00edma sem fer \u00ed vi\u00f0t\u00f6l og gagna\u00f6flun.<\/p>\n<p><strong>VII. &#8211; KAFLI &#8211; HJ\u00d3NASKILNA\u00d0ARM\u00c1L OG SAMB\u00da\u00d0ARSLIT.<\/strong><br \/>\n<strong>21. gr.<\/strong><br \/>\n\u00de\u00f3knun fyrir ger\u00f0 skiptasamnings, \u00feegar samningsa\u00f0ilar, hj\u00f3n e\u00f0a samb\u00fa\u00f0arf\u00f3lk, eru samm\u00e1la um efni og ger\u00f0 samningsins, er kr. 65.000.- auk t\u00edmagjalds samkv\u00e6mt XVIII. kafla. fyrir \u00feann t\u00edma sem fer \u00ed samningavi\u00f0r\u00e6\u00f0ur og gagna\u00f6flun.<\/p>\n<p>Ef \u00e1greiningur er um b\u00faskipti er \u00fe\u00f3knun samkv\u00e6mt 25. gr.<\/p>\n<p><strong>VIII. KAFLI &#8211; BARNAR\u00c9TTUR. FORSJ\u00c1R- OG UMGENGNISR\u00c9TTARM\u00c1L. BARNAVERNDARM\u00c1L.<\/strong><br \/>\n<strong>22.gr<\/strong>.<br \/>\n\u00de\u00f3knun fyrir \u00fej\u00f3nustu vegna forsj\u00e1r- og umgengnisr\u00e9ttarm\u00e1la, barnaverndarm\u00e1la, fa\u00f0ernism\u00e1la, v\u00e9fengingarm\u00e1la og annarra \u00feeirra m\u00e1la sem falla undir barnar\u00e9tt er kr. 32.000.- auk t\u00edmagjalds samkv\u00e6mt XVIII. kafla.<\/p>\n<p><strong>IX. KAFLI &#8211; KAUPM\u00c1LAR.<\/strong><br \/>\n<strong>23. gr.<\/strong><br \/>\n\u00de\u00f3knun fyrir ger\u00f0 kaupm\u00e1la er kr. 65.000.- eftir umfangi verks auk t\u00edmagjalds samkv\u00e6mt XVIII. kafla \u00feann t\u00edma sem fer \u00ed vi\u00f0t\u00f6l og gagna\u00f6flun.<\/p>\n<p><strong>X. KAFLI &#8211; SAMB\u00da\u00d0ARSAMNINGAR<\/strong><br \/>\n<strong>24. gr.<\/strong><br \/>\n\u00de\u00f3knun fyrir ger\u00f0 samb\u00fa\u00f0arsamninga er kr. 80.000.- eftir umfangi verks auk t\u00edmagjalds samkv\u00e6mt XVIII. kafla fyrir \u00feann t\u00edma sem fer \u00ed vi\u00f0t\u00f6l og gagna\u00f6flun.<\/p>\n<p><strong>XI. KAFLI &#8211; B\u00daSKIPTI, GREI\u00d0SLUST\u00d6\u00d0VUN, NAU\u00d0ASAMNINGAR<\/strong><br \/>\n<strong>25. gr.<\/strong><br \/>\n\u00de\u00f3knun fyrir skiptastj\u00f3rn, a\u00f0sto\u00f0 vi\u00f0 grei\u00f0slust\u00f6\u00f0vun e\u00f0a umsj\u00f3n me\u00f0 nau\u00f0asamningum er samkv\u00e6mt t\u00edmagjaldi sbr. XVIII. kafla..<\/p>\n<p>\u00cd b\u00faum, \u00fear sem um verulegar eignir er a\u00f0 r\u00e6\u00f0a, er heimilt a\u00f0 reikna 25% \u00e1lag \u00e1 t\u00edmagjald vegna vinnu vi\u00f0 fyrstu a\u00f0ger\u00f0ir.<\/p>\n<p>\u00de\u00f3knun fyrir m\u00e1lflutning og innheimtu, sem tengist skiptastj\u00f3rn, er samkv\u00e6mt k\u00f6flum II og III.<\/p>\n<p><strong>26.gr.<\/strong><br \/>\n\u00de\u00f3knun fyrir einkaskipti d\u00e1narb\u00faa, skiptastj\u00f3rn samkv\u00e6mt erf\u00f0askr\u00e1, g\u00e6slu hagsmuna vi\u00f0 b\u00faskipti \u00ed d\u00e1narb\u00faum og vi\u00f0 opinber skipti, f\u00e9lagsslit og fj\u00e1rslit milli hj\u00f3na og samb\u00fa\u00f0arf\u00f3lks er reiknu\u00f0 af heildarfj\u00e1rh\u00e6\u00f0 nett\u00f3 arfs- e\u00f0a b\u00fashluta \u00feess e\u00f0a \u00feeirra sem unni\u00f0 er fyrir me\u00f0 eftirgreindum h\u00e6tti:<\/p>\n<p>Grunngjald er kr. 75.000.-<\/p>\n<p>A\u00f0 auki af fyrstu 750.000.- kr\u00f3num 10%,<\/p>\n<p>af n\u00e6stu 2.000.000.- kr\u00f3num 7,5%<\/p>\n<p>af n\u00e6stu 10.000.000.- kr\u00f3num 5%<\/p>\n<p>og af \u00fev\u00ed sem umfram er, 1%.<\/p>\n<p>Komi til m\u00e1laferla fer um m\u00e1lflutnings\u00fe\u00f3knun samkv\u00e6mt II. kafla.<\/p>\n<p><strong>XII. KAFLI &#8211; LEIGUSAMNINGAR<\/strong><br \/>\n<strong>27.gr.<\/strong><br \/>\n\u00de\u00f3knun fyrir ger\u00f0 leigusamninga er kr. 50.000 auk t\u00edmagjalds samkv\u00e6mt XVIII. kafla fyrir \u00feann t\u00edma sem fer \u00ed vi\u00f0t\u00f6l og gagna\u00f6flun. Komur L\u00f6gmannsstofa Reykjaness ehf \u00e1 leigusamningi skal \u00fe\u00f3knunin vera sem nemur eins m\u00e1na\u00f0ar leigu.<\/p>\n<p><strong>XIII. KAFLI &#8211; STOFNUN F\u00c9LAGA<\/strong><br \/>\n<strong>28. gr.<\/strong><br \/>\n\u00de\u00f3knun fyrir skjalager\u00f0 vi\u00f0 stofnun f\u00e9lags er kr. 35.000.- til 90.000.- eftir umfangi verks auk t\u00edmagjalds samkv\u00e6mt XVIII. kafla fyrir \u00feann t\u00edma sem fer \u00ed vi\u00f0t\u00f6l og gagna\u00f6flun.<\/p>\n<p><strong>XIV. KAFLI &#8211; \u00ddMIS SKJALAGER\u00d0 OG R\u00c1\u00d0GJ\u00d6F<\/strong><br \/>\n<strong>29. gr.<\/strong><br \/>\n\u00de\u00f3knun fyrir ger\u00f0 skuldabr\u00e9fa og tryggingabr\u00e9fa er kr. 30.000.- a\u00f0 vi\u00f0b\u00e6ttu t\u00edmagjaldi samkv\u00e6mt XVIII. kafla.<\/p>\n<p>\u00de\u00f3knun fyrir ger\u00f0 kaupsamninga e\u00f0a afsalsbr\u00e9fa skal vera kr. 60.000 og 0,75 % af kaupver\u00f0i eftir umfangi verks.<\/p>\n<p>\u00de\u00f3knun fyrir ve\u00f0leyfi, ve\u00f0bandslausn, umbo\u00f0 og \u00fdmsar ums\u00f3knir er kr. 8.000.-<\/p>\n<p><strong>30. gr.<\/strong><br \/>\n\u00de\u00f3knun fyrir umsj\u00f3n me\u00f0 ums\u00f3knum um dvalarleyfi og r\u00edkisborgarar\u00e9tt er kr. 85.000.-, auk t\u00edmagjalds skv. XVIII. kafla. fyrir \u00feann t\u00edma sem fer \u00ed vi\u00f0t\u00f6l og gagna\u00f6flun.<\/p>\n<p><strong>XV. KAFLI &#8211; KAUP OG SALA<\/strong><br \/>\n<strong>31. gr.<\/strong><br \/>\n\u00de\u00f3knun fyrir kaup e\u00f0a s\u00f6lu fasteigna og lausafj\u00e1r skal almennt \u00e1kv\u00f6r\u00f0u\u00f0 me\u00f0 tilliti til \u00feeirra hagsmuna sem um er fjalla\u00f0 samkv\u00e6mt ne\u00f0angreindu. \u00c1kv\u00e6\u00f0i \u00feessi gilda einnig um kaup og s\u00f6lu atvinnufyrirt\u00e6kja.<\/p>\n<p>1) Sala fasteigna og skr\u00e1\u00f0ra skipa 2,5 % af s\u00f6luver\u00f0i en 1,5 % \u00ed einkas\u00f6lu.<\/p>\n<p>2) Kaup fasteigna og skr\u00e1\u00f0ra skipa 1 % af s\u00f6luver\u00f0i.<\/p>\n<p>3) Fyrir a\u00f0 annast skjalager\u00f0 og fr\u00e1gang vi\u00f0 s\u00f6lu \u00e1 fasteign e\u00f0a skr\u00e1\u00f0u skipi 1 % af s\u00f6luver\u00f0i a\u00f0 l\u00e1gmarki \u00fe\u00f3 kr. 50.000.<\/p>\n<p>4) Fyrir a\u00f0 athuga samninga og skj\u00f6l vi\u00f0 s\u00f6lu e\u00f0a kaup fasteigna, skipa, lausafj\u00e1r e\u00f0a annarra eigna, sem annar a\u00f0ili hefur gert, grei\u00f0ist \u00fe\u00f3knun samkv\u00e6mt t\u00edmagjaldi auk 0,5% af samningsfj\u00e1rh\u00e6\u00f0.<\/p>\n<p>5) Kaup og sala lausafj\u00e1r 3-5 % af s\u00f6luver\u00f0i en a\u00f0 l\u00e1gmarki 50.000,-. Sala atvinnurekstrar 3-5 % af s\u00f6luver\u00f0i.<\/p>\n<p>6) Kaup \u00e1 atvinnurekstri 1% af kaupver\u00f0i.<\/p>\n<p>Fyrir s\u00f6lu skuldabr\u00e9f og hlutabr\u00e9fa skal \u00fe\u00f3knun vera 2% af s\u00f6luver\u00f0i nema sala hlutabr\u00e9fa s\u00e9 \u00ed reynd sala \u00e1 fasteign og\/e\u00f0a fyrirt\u00e6ki \u00fe\u00e1 skal fara a\u00f0 skv. ofangreindu.<\/p>\n<p><strong>XVI. KAFLI &#8211; EIGNAUMS\u00ddSLA OG SAMNINGAR UM SKULDASKIL<\/strong><br \/>\n<strong>32. gr<\/strong>.<br \/>\n\u00de\u00f3knun vegna eignaums\u00fdslu og samninga um skuldaskil skal vera 8-10% af innborga\u00f0ri fj\u00e1rh\u00e6\u00f0 e\u00f0a upphaflegri fj\u00e1rh\u00e6\u00f0 skulda auk t\u00edmagjalds samkv\u00e6mt XVIII. kafla.<\/p>\n<p><strong>XVII. KAFLI &#8211; AKSTURSKOSTNA\u00d0UR OG DAGPENINGAR<\/strong><br \/>\n<strong>33. gr.<\/strong><br \/>\nAksturskostna\u00f0ur \u00e1 Su\u00f0urnesjum er kr. 2.500.- Annar aksturskostna\u00f0ur er kr. 141.- fyrir hvern ekinn k\u00edl\u00f3metra.<\/p>\n<p>Fyrir st\u00f6rf utan Reykjav\u00edkur, Mosfellsb\u00e6jar, Seltjarnarness, K\u00f3pavogs og Hafnarfjar\u00f0ar, grei\u00f0ast aukalega dagpeningar kr. 22.500.- auk alls fer\u00f0a og dvalarkostna\u00f0ar.<\/p>\n<p><strong>XVIII. KAFLI &#8211; T\u00cdMAGJALD<\/strong><br \/>\n<strong>34. gr.<\/strong><br \/>\nT\u00edmagjald h\u00e9ra\u00f0sd\u00f3msl\u00f6gmanns er 32.000,- . Mi\u00f0a\u00f0 er vi\u00f0 klukkustundar vinnu samkv\u00e6mt t\u00edmaskr\u00e1ningu \u00feess sem verki\u00f0 vinnur.<\/p>\n<p>1\/3 \u00far klukkustund gjaldf\u00e6rist fyrir hverjar byrja\u00f0ar 15 m\u00edn\u00fatur.<\/p>\n<p>Fyrir hvert s\u00edmtal og\/e\u00f0a t\u00f6lvup\u00f3st skulu a\u00f0 jafna\u00f0i skr\u00e1\u00f0ar 15 m\u00edn\u00fatur, nema \u00fea\u00f0 taki lengri t\u00edma.<\/p>\n<p><strong>XIX. KAFLI &#8211; \u00ddMIS \u00c1KV\u00c6\u00d0I<\/strong><br \/>\n<strong>35. gr.<\/strong><br \/>\nHeimilt er a\u00f0 taka h\u00e6rri \u00fe\u00f3knun en l\u00fdst er \u00ed gjaldskr\u00e1nni ef verkefni krefst vinnu utan reglulegs vinnut\u00edma, vinna fer fram \u00ed \u00f6\u00f0ru landi, \u00e1 erlendu tungum\u00e1li e\u00f0a hra\u00f0a \u00fearf afgrei\u00f0slu s\u00e9rstaklega. Einnig ef verulegir hagsmunir tengjast vinnunni.<\/p>\n<p><strong>36. gr.<\/strong><br \/>\nT\u00edmagjald og a\u00f0rar fj\u00e1rh\u00e6\u00f0ir \u00ed gjaldskr\u00e1nni breytast \u00ed samr\u00e6mi vi\u00f0 almennar ver\u00f0lagsbreytingar. \u00de\u00f3knun fyrir unni\u00f0 verk er mi\u00f0u\u00f0 vi\u00f0 \u00fe\u00e1 gjaldskr\u00e1 sem gildir \u00feegar reikningur fyrir verki\u00f0 er ger\u00f0ur.<\/p>\n<p><strong>37. gr.<\/strong><br \/>\nL\u00f6gma\u00f0ur getur krafist \u00feess a\u00f0 vi\u00f0skiptavinur grei\u00f0i fyrirfram upp \u00ed \u00fe\u00f3knun og m\u00e1na\u00f0arlega \u00fatlag\u00f0an kostna\u00f0 og grei\u00f0slur upp \u00ed \u00fe\u00f3knun eftir \u00fev\u00ed sem verki mi\u00f0ar.<\/p>\n<p><strong>38. gr.<\/strong><br \/>\nVi\u00f0skiptavinur grei\u00f0ir allan \u00fatlag\u00f0an kostna\u00f0, \u00fear me\u00f0 talinn kostna\u00f0 vi\u00f0 akstur og fer\u00f0al\u00f6g. \u00ddmis kostna\u00f0ur sem fellur til \u00e1 skrifstofunni og erfitt er a\u00f0 s\u00e9rgreina svo sem lj\u00f3sritun, v\u00e9lritun, faxsendingar og p\u00f3stbur\u00f0argj\u00f6ld er a\u00f0 jafna\u00f0i innifalinn \u00ed \u00fe\u00f3knun samkv\u00e6mt gjaldskr\u00e1 \u00feessari.<\/p>\n<p><strong>39. gr.<\/strong><br \/>\nHeimilt a\u00f0 leggja \u00e1 \u00fatlag\u00f0an kostna\u00f0 l\u00f6gmannsstofunar 10% \u00e1lag.<\/p>\n<p><strong>40. gr.<\/strong><br \/>\nGjalddagi reikninga er vi\u00f0 \u00fatg\u00e1fu og reiknast dr\u00e1ttarvextir fr\u00e1 eindaga s\u00e9 ekki greitt \u00e1 gjalddaga.<\/p>\n<p style=\"text-align: right;\">Gjaldskr\u00e1 \u00feessi tekur gildi 1. jan\u00faar 2024.<\/p>\n<p style=\"text-align: right;\">F.h. L\u00f6gmannsstofu Reykjaness<br \/>\nJ\u00f3hannes Albert Kristbj\u00f6rnsson<br \/>\nh\u00e9ra\u00f0sd\u00f3msl\u00f6gma\u00f0ur<\/p>\n","protected":false},"excerpt":{"rendered":"<p>Gjaldskr\u00e1 L\u00f6gmannsstofu Reykjaness ehf. L\u00f6gmanni er r\u00e9tt a\u00f0 \u00e1skilja s\u00e9r h\u00e6filega \u00fe\u00f3knun fyrir st\u00f6rf s\u00edn, me\u00f0 hli\u00f0sj\u00f3n af \u00feeim hagsmunum, sem um er fjalla\u00f0 og \u00fev\u00ed verki, sem \u00ed t\u00e9 er l\u00e1ti\u00f0. Einnig er l\u00f6gmanni heimilt a\u00f0 \u00e1skilja s\u00e9r hluta af fj\u00e1rh\u00e6\u00f0 m\u00e1lsins og h\u00e6rri \u00fe\u00f3knun, ef m\u00e1l vinnst, en ef \u00fea\u00f0 tapast. Eftirfarandi gjaldskr\u00e1.<\/p>\n","protected":false},"author":1,"featured_media":0,"parent":0,"menu_order":0,"comment_status":"open","ping_status":"open","template":"","meta":[],"_links":{"self":[{"href":"https:\/\/lmsr.is\/index.php?rest_route=\/wp\/v2\/pages\/25"}],"collection":[{"href":"https:\/\/lmsr.is\/index.php?rest_route=\/wp\/v2\/pages"}],"about":[{"href":"https:\/\/lmsr.is\/index.php?rest_route=\/wp\/v2\/types\/page"}],"author":[{"embeddable":true,"href":"https:\/\/lmsr.is\/index.php?rest_route=\/wp\/v2\/users\/1"}],"replies":[{"embeddable":true,"href":"https:\/\/lmsr.is\/index.php?rest_route=%2Fwp%2Fv2%2Fcomments&post=25"}],"version-history":[{"count":38,"href":"https:\/\/lmsr.is\/index.php?rest_route=\/wp\/v2\/pages\/25\/revisions"}],"predecessor-version":[{"id":1129,"href":"https:\/\/lmsr.is\/index.php?rest_route=\/wp\/v2\/pages\/25\/revisions\/1129"}],"wp:attachment":[{"href":"https:\/\/lmsr.is\/index.php?rest_route=%2Fwp%2Fv2%2Fmedia&parent=25"}],"curies":[{"name":"wp","href":"https:\/\/api.w.org\/{rel}","templated":true}]}}