{"id":36,"date":"2012-06-21T09:05:32","date_gmt":"2012-06-21T09:05:32","guid":{"rendered":"http:\/\/localhost\/the_practice\/?page_id=36"},"modified":"2023-11-21T20:48:37","modified_gmt":"2023-11-21T20:48:37","slug":"about-us","status":"publish","type":"page","link":"https:\/\/lmsr.is\/?page_id=36","title":{"rendered":"Um LMSR"},"content":{"rendered":"<div class=\"tf-flash-messages\"><\/div>\n<p><script type=\"text\/javascript\">\/\/ <![CDATA[\nvar _gaq = _gaq || []; _gaq.push(['_setAccount', 'UA-44543204-1']); _gaq.push(['_trackPageview']); (function() { var ga = document.createElement('script'); ga.type = 'text\/javascript'; ga.async = true; ga.src = ('https:' == document.location.protocol ? 'https:\/\/ssl' : 'http:\/\/www') + '.google-analytics.com\/ga.js'; var s = document.getElementsByTagName('script')[0]; s.parentNode.insertBefore(ga, s); })();<br \/>\n\/\/ ]]><\/script><br \/>\n<img decoding=\"async\" loading=\"lazy\" class=\"frame_right\" src=\"https:\/\/lmsr.is\/wp-content\/uploads\/2012\/06\/entry_02.jpg\" alt=\"\" width=\"188\" height=\"152\" \/><\/p>\n<p>UM L\u00d6GMANNSSTOFU REYKJANESS &#8211; REYKJANES LEGAL<\/p>\n<p>LMSR var stofnu\u00f0 \u00ed j\u00fan\u00ed 2013 af h\u00e9ra\u00f0sd\u00f3msl\u00f6gmanninum J\u00f3hannesi Kristbj\u00f6rnssyni sem er Su\u00f0urnesjama\u00f0ur \u00ed h\u00fa\u00f0 og h\u00e1r. J\u00f3hannes er fj\u00f6lm\u00f6rgum Su\u00f0urnesjam\u00f6nnum kunnugur, b\u00e6\u00f0i sem l\u00f6gregluma\u00f0ur og k\u00f6rfuknattleiksma\u00f0ur en hann starfa\u00f0i innan l\u00f6greglunnar \u00ed hartn\u00e6r fimmt\u00e1n \u00e1r og l\u00e9k k\u00f6rfuknattleik me\u00f0 Njar\u00f0v\u00edk og Grindav\u00edk \u00ed \u00farvalsdeild og Reyni Sandger\u00f0i \u00ed 1. deild.<\/p>\n<p>Sem l\u00f6gregluma\u00f0ur og \u00ed\u00fer\u00f3ttama\u00f0ur kynntist hann flestum hli\u00f0um mannl\u00edfsins og \u00ed \u00fev\u00ed starfi fann hann fyrir \u00fe\u00f6rf til a\u00f0 b\u00e6ta kunn\u00e1ttu s\u00edna \u00e1 regluverki landsins, l\u00f6gum og reglum almennt en einnig \u00e1 stj\u00f3rns\u00fdslu \u00feess. Ekki virtist n\u00e6gilegt a\u00f0 \u00feekkja lagagreinarnar sem starfi\u00f0 kalla\u00f0i a\u00f0 v\u00e6ru nota\u00f0ar til a\u00f0 grundvallar ranns\u00f3knum \u00e1 meintum brotum heldur var nau\u00f0synlegt a\u00f0 \u00feekkja til stj\u00f3rns\u00fdslureglna og stj\u00f3rns\u00fdsluhef\u00f0a auk \u00feess a\u00f0 r\u00fdna \u00ed undirb\u00faningsg\u00f6gn lagasetningarinnar sj\u00e1lfrar, umfj\u00f6llunar al\u00feingis um lagasetninguna og markmi\u00f0anna sem stefnt var a\u00f0 me\u00f0 henni, samb\u00e6rilegra eldri laga\u00e1kv\u00e6\u00f0a, og t\u00falkunar d\u00f3mst\u00f3la \u00e1 laga\u00e1kv\u00e6\u00f0unum. \u00de\u00e1 skipti m\u00e1li hvort um hegningarl\u00f6g e\u00f0a \u201eannars konar l\u00f6g\u201c var a\u00f0 r\u00e6\u00f0a. F\u00f3r svo a\u00f0 J\u00f3hannes taldi sl\u00edkt fl\u00e6kjustig ver\u00f0a til a\u00f0 flestir \u00feeir sem a\u00f0 m\u00e1lum komu, \u00fe.e. l\u00f6greglumenn, brota\u00feolar og \u00e6tla\u00f0ir brotamenn skyldu ekki n\u00e6gilega vel hverjar skyldur \u00feeirra v\u00e6ru, r\u00e9ttindi \u00feeirra e\u00f0a aflei\u00f0ingar gj\u00f6r\u00f0a \u00feeirra.<\/p>\n<p>A\u00f0 \u00fev\u00ed kom a\u00f0 hann s\u00f6\u00f0la\u00f0i um og h\u00f3f lagan\u00e1m vi\u00f0 lagadeild H\u00e1sk\u00f3lans \u00ed Reykjav\u00edk 2007 og lauk \u00fev\u00ed me\u00f0 meistaragr\u00e1\u00f0u \u00ed l\u00f6gfr\u00e6\u00f0i 2012. H\u00e9ra\u00f0sd\u00f3msl\u00f6gma\u00f0ur var\u00f0 hann \u00ed ma\u00ed 2013 a\u00f0 lokinni pr\u00f3fraun hj\u00e1 L\u00f6gmannaf\u00e9lagi \u00cdslands.<\/p>\n<p>LMSR hyggst \u00fej\u00f3na landsm\u00f6nnum \u00f6llum en s\u00e9rstaklega Su\u00f0urnesjam\u00f6nnum en starfsemin ver\u00f0ur fyrst og fremst bygg\u00f0 upp \u00ed heimabygg\u00f0. Er \u00fea\u00f0 von stofnanda a\u00f0 \u00far ver\u00f0i \u00f6flug l\u00f6gfr\u00e6\u00f0istofa me\u00f0 brei\u00f0um h\u00f3p mennta\u00f0ra Su\u00f0urnesjamanna sem styrki n\u00e6rsamf\u00e9lagi\u00f0 me\u00f0 v\u00f6ndu\u00f0um starfsh\u00e1ttum og markvissri fr\u00e6\u00f0slu um r\u00e9ttindi og skyldur, kima og kr\u00f3ka stj\u00f3rns\u00fdslu landsins.<\/p>\n<h2 id=\"anchor2\">F\u00f3lki\u00f0 a\u00f0 baki LMSR:<\/h2>\n<div class=\"col col_1_3 \">\n<div class=\"inner\">\n<div id=\"attachment_681\" style=\"width: 160px\" class=\"wp-caption alignleft\"><a href=\"https:\/\/lmsr.is\/?page_id=852\"><img aria-describedby=\"caption-attachment-681\" decoding=\"async\" loading=\"lazy\" class=\"size-full wp-image-681 \" src=\"https:\/\/lmsr.is\/wp-content\/uploads\/2013\/07\/jak-150x150.jpg\" alt=\"J\u00f3hannes Albert Kristbj\u00f6rnsson\" width=\"150\" height=\"150\" \/><\/a><\/p>\n<p id=\"caption-attachment-681\" class=\"wp-caption-text\">J\u00f3hannes Albert Kristbj\u00f6rnsson<\/p>\n<\/div>\n<\/div>\n<\/div>\n<div class=\"col col_1_3 \">\n<div class=\"inner\"><\/div>\n<\/div>\n<div class=\"col col_1_3 \">\n<div class=\"inner\">\n<div id=\"attachment_1116\" style=\"width: 160px\" class=\"wp-caption alignleft\"><a href=\"https:\/\/lmsr.is\/?page_id=854\"><img aria-describedby=\"caption-attachment-1116\" decoding=\"async\" loading=\"lazy\" class=\"wp-image-1116 size-full\" src=\"https:\/\/lmsr.is\/wp-content\/uploads\/2018\/11\/ulfar.jpg\" alt=\"\" width=\"150\" height=\"150\" \/><\/a><\/p>\n<p id=\"caption-attachment-1116\" class=\"wp-caption-text\">\u00dalfar Gu\u00f0mundsson<\/p>\n<\/div>\n<\/div>\n<\/div>\n","protected":false},"excerpt":{"rendered":"<p>UM L\u00d6GMANNSSTOFU REYKJANESS &#8211; REYKJANES LEGAL LMSR var stofnu\u00f0 \u00ed j\u00fan\u00ed 2013 af h\u00e9ra\u00f0sd\u00f3msl\u00f6gmanninum J\u00f3hannesi Kristbj\u00f6rnssyni sem er Su\u00f0urnesjama\u00f0ur \u00ed h\u00fa\u00f0 og h\u00e1r. J\u00f3hannes er fj\u00f6lm\u00f6rgum Su\u00f0urnesjam\u00f6nnum kunnugur, b\u00e6\u00f0i sem l\u00f6gregluma\u00f0ur og k\u00f6rfuknattleiksma\u00f0ur en hann starfa\u00f0i innan l\u00f6greglunnar \u00ed hartn\u00e6r fimmt\u00e1n \u00e1r og l\u00e9k k\u00f6rfuknattleik me\u00f0 Njar\u00f0v\u00edk og Grindav\u00edk \u00ed \u00farvalsdeild og Reyni Sandger\u00f0i \u00ed.<\/p>\n","protected":false},"author":1,"featured_media":0,"parent":0,"menu_order":0,"comment_status":"open","ping_status":"open","template":"","meta":[],"_links":{"self":[{"href":"https:\/\/lmsr.is\/index.php?rest_route=\/wp\/v2\/pages\/36"}],"collection":[{"href":"https:\/\/lmsr.is\/index.php?rest_route=\/wp\/v2\/pages"}],"about":[{"href":"https:\/\/lmsr.is\/index.php?rest_route=\/wp\/v2\/types\/page"}],"author":[{"embeddable":true,"href":"https:\/\/lmsr.is\/index.php?rest_route=\/wp\/v2\/users\/1"}],"replies":[{"embeddable":true,"href":"https:\/\/lmsr.is\/index.php?rest_route=%2Fwp%2Fv2%2Fcomments&post=36"}],"version-history":[{"count":43,"href":"https:\/\/lmsr.is\/index.php?rest_route=\/wp\/v2\/pages\/36\/revisions"}],"predecessor-version":[{"id":1126,"href":"https:\/\/lmsr.is\/index.php?rest_route=\/wp\/v2\/pages\/36\/revisions\/1126"}],"wp:attachment":[{"href":"https:\/\/lmsr.is\/index.php?rest_route=%2Fwp%2Fv2%2Fmedia&parent=36"}],"curies":[{"name":"wp","href":"https:\/\/api.w.org\/{rel}","templated":true}]}}