{"id":710,"date":"2013-08-01T14:45:56","date_gmt":"2013-08-01T14:45:56","guid":{"rendered":"https:\/\/lmsr.is\/?page_id=710"},"modified":"2013-10-02T11:36:36","modified_gmt":"2013-10-02T11:36:36","slug":"domsstolar","status":"publish","type":"page","link":"https:\/\/lmsr.is\/?page_id=710","title":{"rendered":"D\u00f3mst\u00f3lar"},"content":{"rendered":"<div class=\"tf-flash-messages\"><\/div>\n<p><script type=\"text\/javascript\"><\/p>\n<p>  var _gaq = _gaq || [];\n  _gaq.push(['_setAccount', 'UA-44543204-1']);\n  _gaq.push(['_trackPageview']);<\/p>\n<p>  (function() {\n    var ga = document.createElement('script'); ga.type = 'text\/javascript'; ga.async = true;\n    ga.src = ('https:' == document.location.protocol ? 'https:\/\/ssl' : 'http:\/\/www') + '.google-analytics.com\/ga.js';\n    var s = document.getElementsByTagName('script')[0]; s.parentNode.insertBefore(ga, s);\n  })();<\/p>\n<p><\/script><\/p>\n<ul>\n<li><a title=\"H\u00e6stir\u00e9ttur\" href=\"http:\/\/haestirettur.is\" target=\"_blank\">H\u00e6stir\u00e9ttur<\/a><\/li>\n<li><a title=\"H\u00e9ra\u00f0sd\u00f3mur Reykjav\u00edkur\" href=\"http:\/\/domstolar.is\/reykjavik\" target=\"_blank\">H\u00e9ra\u00f0sd\u00f3mur Reykjav\u00edkur<\/a><\/li>\n<li><a title=\"H\u00e9ra\u00f0sd\u00f3mur Reykjaness\" href=\"http:\/\/domstolar.is\/reykjanes\" target=\"_blank\">H\u00e9ra\u00f0sd\u00f3mur Reykjaness<\/a><\/li>\n<li><a title=\"H\u00e9ra\u00f0sd\u00f3mur Vesturlands\" href=\"http:\/\/domstolar.is\/vesturland\" target=\"_blank\">H\u00e9ra\u00f0sd\u00f3mur Vesturlands<\/a><\/li>\n<li><a title=\"H\u00e9ra\u00f0sd\u00f3mur Su\u00f0urlands\" href=\"http:\/\/domstolar.is\/sudurland\" target=\"_blank\">H\u00e9ra\u00f0sd\u00f3mur Su\u00f0urlands<\/a><\/li>\n<li><a title=\"H\u00e9ra\u00f0sd\u00f3mur Vestfjar\u00f0a\" href=\"http:\/\/domstolar.is\/vestfirdir\" target=\"_blank\">H\u00e9ra\u00f0sd\u00f3mur Vestfjar\u00f0a<\/a><\/li>\n<li><a title=\"H\u00e9ra\u00f0sd\u00f3mur Austurlands\" href=\"http:\/\/domstolar.is\/austurland\" target=\"_blank\">H\u00e9ra\u00f0sd\u00f3mur Austurlands<\/a><\/li>\n<li><a title=\"H\u00e9ra\u00f0sd\u00f3mur Nor\u00f0urlands vestra\" href=\"http:\/\/domstolar.is\/nordurlandvestra\" target=\"_blank\">H\u00e9ra\u00f0sd\u00f3mur Nor\u00f0urlands vestra<\/a><\/li>\n<li><a title=\"H\u00e9ra\u00f0sd\u00f3mur Nor\u00f0urlands eystra\" href=\"http:\/\/domstolar.is\/nordurlandeystra\" target=\"_blank\">H\u00e9ra\u00f0sd\u00f3mur Nor\u00f0urlands eystra<\/a><\/li>\n<li><a title=\"Evr\u00f3pud\u00f3mst\u00f3llinn\" href=\"http:\/\/curia.europa.eu\" target=\"_blank\">Evr\u00f3pud\u00f3mst\u00f3llinn<\/a><\/li>\n<li><a title=\"EFTA d\u00f3msst\u00f3llinn\" href=\"http:\/\/www.eftacourt.int\" target=\"_blank\">EFTA d\u00f3mst\u00f3llinn<\/a><\/li>\n<li><a title=\"Mannr\u00e9ttindad\u00f3msst\u00f3ll Evr\u00f3pu\" href=\"http:\/\/www.echr.coe.int\/pages\/home.aspx?p=home\" target=\"_blank\">Mannr\u00e9ttindad\u00f3msst\u00f3ll Evr\u00f3pu<\/a><\/li>\n<\/ul>\n","protected":false},"excerpt":{"rendered":"<p>H\u00e6stir\u00e9ttur H\u00e9ra\u00f0sd\u00f3mur Reykjav\u00edkur H\u00e9ra\u00f0sd\u00f3mur Reykjaness H\u00e9ra\u00f0sd\u00f3mur Vesturlands H\u00e9ra\u00f0sd\u00f3mur Su\u00f0urlands H\u00e9ra\u00f0sd\u00f3mur Vestfjar\u00f0a H\u00e9ra\u00f0sd\u00f3mur Austurlands H\u00e9ra\u00f0sd\u00f3mur Nor\u00f0urlands vestra H\u00e9ra\u00f0sd\u00f3mur Nor\u00f0urlands eystra Evr\u00f3pud\u00f3mst\u00f3llinn EFTA d\u00f3mst\u00f3llinn Mannr\u00e9ttindad\u00f3msst\u00f3ll Evr\u00f3pu<\/p>\n","protected":false},"author":1,"featured_media":0,"parent":0,"menu_order":0,"comment_status":"open","ping_status":"open","template":"","meta":[],"_links":{"self":[{"href":"https:\/\/lmsr.is\/index.php?rest_route=\/wp\/v2\/pages\/710"}],"collection":[{"href":"https:\/\/lmsr.is\/index.php?rest_route=\/wp\/v2\/pages"}],"about":[{"href":"https:\/\/lmsr.is\/index.php?rest_route=\/wp\/v2\/types\/page"}],"author":[{"embeddable":true,"href":"https:\/\/lmsr.is\/index.php?rest_route=\/wp\/v2\/users\/1"}],"replies":[{"embeddable":true,"href":"https:\/\/lmsr.is\/index.php?rest_route=%2Fwp%2Fv2%2Fcomments&post=710"}],"version-history":[{"count":8,"href":"https:\/\/lmsr.is\/index.php?rest_route=\/wp\/v2\/pages\/710\/revisions"}],"predecessor-version":[{"id":942,"href":"https:\/\/lmsr.is\/index.php?rest_route=\/wp\/v2\/pages\/710\/revisions\/942"}],"wp:attachment":[{"href":"https:\/\/lmsr.is\/index.php?rest_route=%2Fwp%2Fv2%2Fmedia&parent=710"}],"curies":[{"name":"wp","href":"https:\/\/api.w.org\/{rel}","templated":true}]}}