{"id":778,"date":"2013-08-19T20:28:17","date_gmt":"2013-08-19T20:28:17","guid":{"rendered":"https:\/\/lmsr.is\/?page_id=778"},"modified":"2013-10-02T11:36:52","modified_gmt":"2013-10-02T11:36:52","slug":"fjolskyldu-og-erfdarettur","status":"publish","type":"page","link":"https:\/\/lmsr.is\/?page_id=778","title":{"rendered":"Fj\u00f6lskyldu- og erf\u00f0ar\u00e9ttur"},"content":{"rendered":"<div class=\"tf-flash-messages\"><\/div>\n<p><script type=\"text\/javascript\"><\/p>\n<p>  var _gaq = _gaq || [];\n  _gaq.push(['_setAccount', 'UA-44543204-1']);\n  _gaq.push(['_trackPageview']);<\/p>\n<p>  (function() {\n    var ga = document.createElement('script'); ga.type = 'text\/javascript'; ga.async = true;\n    ga.src = ('https:' == document.location.protocol ? 'https:\/\/ssl' : 'http:\/\/www') + '.google-analytics.com\/ga.js';\n    var s = document.getElementsByTagName('script')[0]; s.parentNode.insertBefore(ga, s);\n  })();<\/p>\n<p><\/script><br \/>\nSamb\u00fa\u00f0, hj\u00f3naband, sameiginlegur fj\u00e1rhagur, s\u00e9reignir og sameignir, barneignir og barnavernd, eigna- og skuldas\u00f6fnun, samb\u00fa\u00f0arslit og hj\u00f3naskilna\u00f0ir, fj\u00e1rhags-, forsj\u00e1r- og umgengnis\u00e1greiningur, erf\u00f0askr\u00e1r og erf\u00f0ir eru e\u00f0a ver\u00f0a hluti af l\u00edfi flestra fullor\u00f0inna einstaklinga.<\/p>\n<p>\u00deegar vandam\u00e1l koma upp \u00ed samb\u00f6ndum f\u00f3lks e\u00f0a vandi ste\u00f0jar a\u00f0 \u00ed fj\u00e1rm\u00e1lum er gott a\u00f0 geta \u00feegi\u00f0 r\u00e1\u00f0gj\u00f6f hj\u00e1 l\u00f6gmanni um leikreglurnar sem um \u00feessi r\u00e9ttarsvi\u00f0 var\u00f0ar, r\u00e9ttindi og skyldur, pers\u00f3nulegar \u00e1byrg\u00f0ir og sam\u00e1byrg\u00f0 hj\u00f3na og samb\u00fa\u00f0arf\u00f3lks.<\/p>\n<p>L\u00f6gmannsstofa Reykjaness leggur mikla \u00e1herslu \u00e1 vanda\u00f0a \u00fej\u00f3nustu \u00ed \u00feessum m\u00e1laflokki.  Hvort heldur vi\u00f0skiptavinir vilja gera r\u00e1\u00f0stafanir fyrir hj\u00f3naband, \u00e1 me\u00f0an \u00e1 \u00fev\u00ed stendur e\u00f0a \u00feegar upp \u00far sambandinu slitnar \u00fe\u00e1 er LMSR tilb\u00fai\u00f0 a\u00f0 veita r\u00e1\u00f0gj\u00f6f e\u00f0a annast m\u00e1larekstur.<\/p>\n<p>A\u00f0 sama skapi leggur LMSR til a\u00f0 f\u00f3lk sem komi\u00f0 er \u00e1 mi\u00f0jan aldur kynni s\u00e9r \u00e1kv\u00e6\u00f0i erf\u00f0alaga og leiti lei\u00f0a til a\u00f0 tryggja hag sinna n\u00e1nustu komi til skyndilegur heilsufarsvandi. \u00cd lj\u00f3si fl\u00f3kins fj\u00f6lskyldumynsturs margra \u00cdslendinga er \u00feetta enn nau\u00f0synlegra en ella.<\/p>\n<p>Hj\u00f3naskilna\u00f0ir eru \u00ed flestum tilfellum eitt \u00fea\u00f0 erfi\u00f0asta sem f\u00f3lk gengur \u00ed gegnum og \u00f6llum sem \u00feau skref \u00feurfa a\u00f0 st\u00edga, viljugir sem \u00f3viljugir, nau\u00f0synlegt a\u00f0 \u00e1tta sig \u00e1 sem flestum hli\u00f0um sl\u00edkra m\u00e1la og LMSR er tilb\u00fai\u00f0 a\u00f0 veita heilsteypta r\u00e1\u00f0gj\u00f6f og tryggja vanda\u00f0a me\u00f0fer\u00f0 fyrir \u00fe\u00e1 a\u00f0ila sem til stofunnar leita.<\/p>\n","protected":false},"excerpt":{"rendered":"<p>Samb\u00fa\u00f0, hj\u00f3naband, sameiginlegur fj\u00e1rhagur, s\u00e9reignir og sameignir, barneignir og barnavernd, eigna- og skuldas\u00f6fnun, samb\u00fa\u00f0arslit og hj\u00f3naskilna\u00f0ir, fj\u00e1rhags-, forsj\u00e1r- og umgengnis\u00e1greiningur, erf\u00f0askr\u00e1r og erf\u00f0ir eru e\u00f0a ver\u00f0a hluti af l\u00edfi flestra fullor\u00f0inna einstaklinga. \u00deegar vandam\u00e1l koma upp \u00ed samb\u00f6ndum f\u00f3lks e\u00f0a vandi ste\u00f0jar a\u00f0 \u00ed fj\u00e1rm\u00e1lum er gott a\u00f0 geta \u00feegi\u00f0 r\u00e1\u00f0gj\u00f6f hj\u00e1 l\u00f6gmanni um leikreglurnar.<\/p>\n","protected":false},"author":1,"featured_media":0,"parent":0,"menu_order":0,"comment_status":"closed","ping_status":"closed","template":"","meta":[],"_links":{"self":[{"href":"https:\/\/lmsr.is\/index.php?rest_route=\/wp\/v2\/pages\/778"}],"collection":[{"href":"https:\/\/lmsr.is\/index.php?rest_route=\/wp\/v2\/pages"}],"about":[{"href":"https:\/\/lmsr.is\/index.php?rest_route=\/wp\/v2\/types\/page"}],"author":[{"embeddable":true,"href":"https:\/\/lmsr.is\/index.php?rest_route=\/wp\/v2\/users\/1"}],"replies":[{"embeddable":true,"href":"https:\/\/lmsr.is\/index.php?rest_route=%2Fwp%2Fv2%2Fcomments&post=778"}],"version-history":[{"count":2,"href":"https:\/\/lmsr.is\/index.php?rest_route=\/wp\/v2\/pages\/778\/revisions"}],"predecessor-version":[{"id":943,"href":"https:\/\/lmsr.is\/index.php?rest_route=\/wp\/v2\/pages\/778\/revisions\/943"}],"wp:attachment":[{"href":"https:\/\/lmsr.is\/index.php?rest_route=%2Fwp%2Fv2%2Fmedia&parent=778"}],"curies":[{"name":"wp","href":"https:\/\/api.w.org\/{rel}","templated":true}]}}