{"id":781,"date":"2013-08-19T20:38:41","date_gmt":"2013-08-19T20:38:41","guid":{"rendered":"https:\/\/lmsr.is\/?page_id=781"},"modified":"2013-10-02T11:39:37","modified_gmt":"2013-10-02T11:39:37","slug":"sakamalarettarfar","status":"publish","type":"page","link":"https:\/\/lmsr.is\/?page_id=781","title":{"rendered":"Sakam\u00e1lar\u00e9ttarfar"},"content":{"rendered":"<div class=\"tf-flash-messages\"><\/div>\n<p><script type=\"text\/javascript\"><\/p>\n<p>  var _gaq = _gaq || [];\n  _gaq.push(['_setAccount', 'UA-44543204-1']);\n  _gaq.push(['_trackPageview']);<\/p>\n<p>  (function() {\n    var ga = document.createElement('script'); ga.type = 'text\/javascript'; ga.async = true;\n    ga.src = ('https:' == document.location.protocol ? 'https:\/\/ssl' : 'http:\/\/www') + '.google-analytics.com\/ga.js';\n    var s = document.getElementsByTagName('script')[0]; s.parentNode.insertBefore(ga, s);\n  })();<\/p>\n<p><\/script><br \/>\nAllir eiga r\u00e9tt \u00e1 r\u00e9ttl\u00e1tri m\u00e1lsme\u00f0fer\u00f0, hvort heldur hj\u00e1 stj\u00f3rnv\u00f6ldum e\u00f0a fyrir d\u00f3mst\u00f3lum. \u00dea\u00f0 \u00e1 ekki a\u00f0eins vi\u00f0 um \u00fe\u00e1 sem saka\u00f0ir eru um brot \u00e1 hegningarl\u00f6gum e\u00f0a s\u00e9rrefsil\u00f6gum heldur n\u00e6r \u00fea\u00f0 einnig til \u00feeirra sem ver\u00f0a \u00feolendur afbrota. \u00deolendur ver\u00f0a einnig a\u00f0 f\u00e1 vi\u00f0unandi \u00farlausn sinna m\u00e1la.<\/p>\n<p>\u00cd 18. gr. laga um l\u00f6gmenn segir \u201e<em><strong>L\u00f6gm\u00f6nnum ber \u00ed hv\u00edvetna a\u00f0 r\u00e6kja af al\u00fa\u00f0 \u00feau st\u00f6rf sem \u00feeim er tr\u00faa\u00f0 fyrir og neyta allra l\u00f6gm\u00e6tra \u00farr\u00e6\u00f0a til a\u00f0 g\u00e6ta l\u00f6gvarinna hagsmuna umbj\u00f3\u00f0enda sinna.<\/strong><\/em>\u201c<\/p>\n<p>L\u00f6gmannsstofa Reykjaness b\u00fdr a\u00f0 umtalsver\u00f0i reynslu \u00e1 svi\u00f0i reksturs sakam\u00e1la og mun kappkosta vi\u00f0 a\u00f0 veita b\u00e6\u00f0i \u00feeim sem saka\u00f0ir eru um afbrot og \u00feeim sem ver\u00f0a \u00feolendur afbrota upp \u00e1 vanda\u00f0a \u00fej\u00f3nustu \u00e1 \u00feessu svi\u00f0i.<\/p>\n<p>\u00cd f\u00e1um m\u00e1laflokkum er tr\u00fana\u00f0ur jafn mikilv\u00e6gur skj\u00f3lst\u00e6\u00f0ingum l\u00f6gmanna og \u00ed sakam\u00e1lum. LMSR heldur \u00ed hei\u00f0ri tr\u00fana\u00f0arskyldu l\u00f6gmanna \u00ed \u00f6llum s\u00ednum m\u00e1lum en s\u00e9rstaklega \u00ed sakam\u00e1lum enda oft um a\u00f0 r\u00e6\u00f0a mj\u00f6g vi\u00f0kv\u00e6mar pers\u00f3nulegar uppl\u00fdsingar. Tr\u00fana\u00f0ur starfsmanna LMSR gagnvart skj\u00f3lst\u00e6\u00f0ingum \u00feeirra ver\u00f0ur aldrei brotinn.<\/p>\n<p>\u00cd 17. gr. si\u00f0areglna l\u00f6gmanna (Codex Ethicus) segir \u201e<em><strong>L\u00f6gma\u00f0ur skal aldrei \u00e1n endanlegs d\u00f3ms\u00farskur\u00f0ar, sem beint er a\u00f0 honum sj\u00e1lfum, e\u00f0a sk\u00fdlauss lagabo\u00f0s, l\u00e1ta \u00f3vi\u00f0komandi a\u00f0ilum \u00ed t\u00e9 g\u00f6gn og uppl\u00fdsingar, sem l\u00f6gma\u00f0ur hefur fengi\u00f0 \u00ed starfi um skj\u00f3lst\u00e6\u00f0ing sinn e\u00f0a fyrrverandi skj\u00f3lst\u00e6\u00f0ing.<\/strong><\/em>\u201c<\/p>\n","protected":false},"excerpt":{"rendered":"<p>Allir eiga r\u00e9tt \u00e1 r\u00e9ttl\u00e1tri m\u00e1lsme\u00f0fer\u00f0, hvort heldur hj\u00e1 stj\u00f3rnv\u00f6ldum e\u00f0a fyrir d\u00f3mst\u00f3lum. \u00dea\u00f0 \u00e1 ekki a\u00f0eins vi\u00f0 um \u00fe\u00e1 sem saka\u00f0ir eru um brot \u00e1 hegningarl\u00f6gum e\u00f0a s\u00e9rrefsil\u00f6gum heldur n\u00e6r \u00fea\u00f0 einnig til \u00feeirra sem ver\u00f0a \u00feolendur afbrota. \u00deolendur ver\u00f0a einnig a\u00f0 f\u00e1 vi\u00f0unandi \u00farlausn sinna m\u00e1la. \u00cd 18. gr. laga um l\u00f6gmenn segir.<\/p>\n","protected":false},"author":1,"featured_media":0,"parent":0,"menu_order":0,"comment_status":"closed","ping_status":"closed","template":"","meta":[],"_links":{"self":[{"href":"https:\/\/lmsr.is\/index.php?rest_route=\/wp\/v2\/pages\/781"}],"collection":[{"href":"https:\/\/lmsr.is\/index.php?rest_route=\/wp\/v2\/pages"}],"about":[{"href":"https:\/\/lmsr.is\/index.php?rest_route=\/wp\/v2\/types\/page"}],"author":[{"embeddable":true,"href":"https:\/\/lmsr.is\/index.php?rest_route=\/wp\/v2\/users\/1"}],"replies":[{"embeddable":true,"href":"https:\/\/lmsr.is\/index.php?rest_route=%2Fwp%2Fv2%2Fcomments&post=781"}],"version-history":[{"count":4,"href":"https:\/\/lmsr.is\/index.php?rest_route=\/wp\/v2\/pages\/781\/revisions"}],"predecessor-version":[{"id":954,"href":"https:\/\/lmsr.is\/index.php?rest_route=\/wp\/v2\/pages\/781\/revisions\/954"}],"wp:attachment":[{"href":"https:\/\/lmsr.is\/index.php?rest_route=%2Fwp%2Fv2%2Fmedia&parent=781"}],"curies":[{"name":"wp","href":"https:\/\/api.w.org\/{rel}","templated":true}]}}