{"id":814,"date":"2013-08-21T20:53:54","date_gmt":"2013-08-21T20:53:54","guid":{"rendered":"https:\/\/lmsr.is\/?page_id=814"},"modified":"2013-10-02T11:40:06","modified_gmt":"2013-10-02T11:40:06","slug":"trunadur-og-heilindi","status":"publish","type":"page","link":"https:\/\/lmsr.is\/?page_id=814","title":{"rendered":"Tr\u00fana\u00f0ur og heilindi"},"content":{"rendered":"<div class=\"tf-flash-messages\"><\/div>\n<p><script type=\"text\/javascript\"><\/p>\n<p>  var _gaq = _gaq || [];\n  _gaq.push(['_setAccount', 'UA-44543204-1']);\n  _gaq.push(['_trackPageview']);<\/p>\n<p>  (function() {\n    var ga = document.createElement('script'); ga.type = 'text\/javascript'; ga.async = true;\n    ga.src = ('https:' == document.location.protocol ? 'https:\/\/ssl' : 'http:\/\/www') + '.google-analytics.com\/ga.js';\n    var s = document.getElementsByTagName('script')[0]; s.parentNode.insertBefore(ga, s);\n  })();<\/p>\n<p><\/script><br \/>\nL\u00f6gmenn eru eins og margar a\u00f0rar starfsst\u00e9ttir bundnir l\u00f6gum og si\u00f0areglum. \u00cd tilviki l\u00f6gmanna hv\u00edla margv\u00edslegar og strangar reglur um st\u00f6rf \u00feeirra, sbr. t.d. l\u00f6g um l\u00f6gmenn nr. 77\/1998 auk si\u00f0areglna L\u00f6gmannaf\u00e9lags \u00cdslands.<\/p>\n<p>Tr\u00fana\u00f0ur er lykilhugtak L\u00f6gmannsstofu Reykjaness, \u00fe\u00ednir hagsmunir eru okkar atvinna og vi\u00f0 t\u00f6kum atvinnu okkar alvarlega.  LMSR leggur r\u00edka \u00e1herslu \u00e1 tr\u00fana\u00f0 vi\u00f0 skj\u00f3lst\u00e6\u00f0inga \u00feess og mun verja \u00feagnarskylduna fyrir d\u00f3mst\u00f3lum, komi til \u00feess.<\/p>\n<p>\n\u00cd 22. gr. l\u00f6gmannalaganna segir ,,<em>L\u00f6gma\u00f0ur ber \u00feagnarskyldu um hva\u00f0eina sem honum er tr\u00faa\u00f0 fyrir \u00ed starfi s\u00ednu. Starfsma\u00f0ur l\u00f6gmanns er einnig bundinn \u00feagnarskyldu um sl\u00edk tr\u00fana\u00f0arm\u00e1l sem hann kann a\u00f0 komast a\u00f0 vegna starfa sinna<\/em>.\u201d<\/p>\n<p>\nHeilindi eru grundv\u00f6llur starfsemi LMSR en \u00ed 18. gr. l\u00f6gmannalaganna segir ,,<em>L\u00f6gm\u00f6nnum ber \u00ed hv\u00edvetna a\u00f0 r\u00e6kja af al\u00fa\u00f0 \u00feau st\u00f6rf sem \u00feeim er tr\u00faa\u00f0 fyrir og neyta allra l\u00f6gm\u00e6tra \u00farr\u00e6\u00f0a til a\u00f0 g\u00e6ta l\u00f6gvarinna hagsmuna umbj\u00f3\u00f0enda sinna.<\/em>\u201d<\/p>\n","protected":false},"excerpt":{"rendered":"<p>L\u00f6gmenn eru eins og margar a\u00f0rar starfsst\u00e9ttir bundnir l\u00f6gum og si\u00f0areglum. \u00cd tilviki l\u00f6gmanna hv\u00edla margv\u00edslegar og strangar reglur um st\u00f6rf \u00feeirra, sbr. t.d. l\u00f6g um l\u00f6gmenn nr. 77\/1998 auk si\u00f0areglna L\u00f6gmannaf\u00e9lags \u00cdslands. Tr\u00fana\u00f0ur er lykilhugtak L\u00f6gmannsstofu Reykjaness, \u00fe\u00ednir hagsmunir eru okkar atvinna og vi\u00f0 t\u00f6kum atvinnu okkar alvarlega. LMSR leggur r\u00edka \u00e1herslu \u00e1 tr\u00fana\u00f0.<\/p>\n","protected":false},"author":1,"featured_media":0,"parent":0,"menu_order":0,"comment_status":"closed","ping_status":"closed","template":"","meta":[],"_links":{"self":[{"href":"https:\/\/lmsr.is\/index.php?rest_route=\/wp\/v2\/pages\/814"}],"collection":[{"href":"https:\/\/lmsr.is\/index.php?rest_route=\/wp\/v2\/pages"}],"about":[{"href":"https:\/\/lmsr.is\/index.php?rest_route=\/wp\/v2\/types\/page"}],"author":[{"embeddable":true,"href":"https:\/\/lmsr.is\/index.php?rest_route=\/wp\/v2\/users\/1"}],"replies":[{"embeddable":true,"href":"https:\/\/lmsr.is\/index.php?rest_route=%2Fwp%2Fv2%2Fcomments&post=814"}],"version-history":[{"count":2,"href":"https:\/\/lmsr.is\/index.php?rest_route=\/wp\/v2\/pages\/814\/revisions"}],"predecessor-version":[{"id":956,"href":"https:\/\/lmsr.is\/index.php?rest_route=\/wp\/v2\/pages\/814\/revisions\/956"}],"wp:attachment":[{"href":"https:\/\/lmsr.is\/index.php?rest_route=%2Fwp%2Fv2%2Fmedia&parent=814"}],"curies":[{"name":"wp","href":"https:\/\/api.w.org\/{rel}","templated":true}]}}