{"id":826,"date":"2013-08-21T22:43:18","date_gmt":"2013-08-21T22:43:18","guid":{"rendered":"https:\/\/lmsr.is\/?page_id=826"},"modified":"2013-10-02T11:39:10","modified_gmt":"2013-10-02T11:39:10","slug":"logfraedilegar-alitsgerdir","status":"publish","type":"page","link":"https:\/\/lmsr.is\/?page_id=826","title":{"rendered":"L\u00f6gfr\u00e6\u00f0ilegar \u00e1litsger\u00f0ir"},"content":{"rendered":"<div class=\"tf-flash-messages\"><\/div>\n<p><script type=\"text\/javascript\"><\/p>\n<p>  var _gaq = _gaq || [];\n  _gaq.push(['_setAccount', 'UA-44543204-1']);\n  _gaq.push(['_trackPageview']);<\/p>\n<p>  (function() {\n    var ga = document.createElement('script'); ga.type = 'text\/javascript'; ga.async = true;\n    ga.src = ('https:' == document.location.protocol ? 'https:\/\/ssl' : 'http:\/\/www') + '.google-analytics.com\/ga.js';\n    var s = document.getElementsByTagName('script')[0]; s.parentNode.insertBefore(ga, s);\n  })();<\/p>\n<p><\/script><br \/>\nMe\u00f0 \u00f6flun l\u00f6gfr\u00e6\u00f0ilegrar \u00e1litsger\u00f0ar getur vi\u00f0skiptavinur kanna\u00f0 lagalega st\u00f6\u00f0u s\u00edna \u00e1\u00f0ur en hann leggur \u00ed tilteknar a\u00f0ger\u00f0ir e\u00f0a hrindir \u00ed framkv\u00e6md \u00e1\u00e6tlunum. Segja m\u00e1 a\u00f0 me\u00f0 \u00f6flun l\u00f6gfr\u00e6\u00f0ilegrar \u00e1litsger\u00f0ar geti vi\u00f0skiptavinur kortlagt fer\u00f0alagi\u00f0 fyrirfram, fengi\u00f0 uppgefna lagalega GPS punkta.<\/p>\n<p>\nV\u00e6gi l\u00f6gfr\u00e6\u00f0ilegra \u00e1litsger\u00f0a ver\u00f0ur s\u00edfellt mikilv\u00e6gara \u00ed n\u00fat\u00edmasamf\u00e9lagi sem vakna\u00f0 er til vitundar um mikilv\u00e6gi \u00feess a\u00f0 kanna til hl\u00edtar hvort fyrirhuga\u00f0ar a\u00f0ger\u00f0ir e\u00f0a r\u00e1\u00f0stafanir skapi \u00feeim b\u00f3taskyldu, virkji refsi\u00e1byrg\u00f0 e\u00f0a s\u00e9 l\u00edklegt til a\u00f0 valda vi\u00f0komandi \u00e1litshnekki.<\/p>\n<p>\n\u00c1byrg\u00f0 l\u00f6gmanna \u00e1 r\u00e1\u00f0gj\u00f6f \u00ed formi l\u00f6gfr\u00e6\u00f0ilegrar \u00e1litsger\u00f0ar er umtalsver\u00f0 og \u00fev\u00ed mikilv\u00e6gt a\u00f0 vi\u00f0skiptavinir stofunnar afmarki vel \u00feau \u00e1litaefni sem \u00f3ska\u00f0 er ranns\u00f3knar \u00e1.<\/p>\n","protected":false},"excerpt":{"rendered":"<p>Me\u00f0 \u00f6flun l\u00f6gfr\u00e6\u00f0ilegrar \u00e1litsger\u00f0ar getur vi\u00f0skiptavinur kanna\u00f0 lagalega st\u00f6\u00f0u s\u00edna \u00e1\u00f0ur en hann leggur \u00ed tilteknar a\u00f0ger\u00f0ir e\u00f0a hrindir \u00ed framkv\u00e6md \u00e1\u00e6tlunum. Segja m\u00e1 a\u00f0 me\u00f0 \u00f6flun l\u00f6gfr\u00e6\u00f0ilegrar \u00e1litsger\u00f0ar geti vi\u00f0skiptavinur kortlagt fer\u00f0alagi\u00f0 fyrirfram, fengi\u00f0 uppgefna lagalega GPS punkta. V\u00e6gi l\u00f6gfr\u00e6\u00f0ilegra \u00e1litsger\u00f0a ver\u00f0ur s\u00edfellt mikilv\u00e6gara \u00ed n\u00fat\u00edmasamf\u00e9lagi sem vakna\u00f0 er til vitundar um mikilv\u00e6gi \u00feess.<\/p>\n","protected":false},"author":1,"featured_media":0,"parent":0,"menu_order":0,"comment_status":"closed","ping_status":"closed","template":"","meta":[],"_links":{"self":[{"href":"https:\/\/lmsr.is\/index.php?rest_route=\/wp\/v2\/pages\/826"}],"collection":[{"href":"https:\/\/lmsr.is\/index.php?rest_route=\/wp\/v2\/pages"}],"about":[{"href":"https:\/\/lmsr.is\/index.php?rest_route=\/wp\/v2\/types\/page"}],"author":[{"embeddable":true,"href":"https:\/\/lmsr.is\/index.php?rest_route=\/wp\/v2\/users\/1"}],"replies":[{"embeddable":true,"href":"https:\/\/lmsr.is\/index.php?rest_route=%2Fwp%2Fv2%2Fcomments&post=826"}],"version-history":[{"count":2,"href":"https:\/\/lmsr.is\/index.php?rest_route=\/wp\/v2\/pages\/826\/revisions"}],"predecessor-version":[{"id":952,"href":"https:\/\/lmsr.is\/index.php?rest_route=\/wp\/v2\/pages\/826\/revisions\/952"}],"wp:attachment":[{"href":"https:\/\/lmsr.is\/index.php?rest_route=%2Fwp%2Fv2%2Fmedia&parent=826"}],"curies":[{"name":"wp","href":"https:\/\/api.w.org\/{rel}","templated":true}]}}