{"id":854,"date":"2013-08-23T09:57:25","date_gmt":"2013-08-23T09:57:25","guid":{"rendered":"https:\/\/lmsr.is\/?page_id=854"},"modified":"2016-03-11T13:06:47","modified_gmt":"2016-03-11T13:06:47","slug":"sigurdur-mar-gunnarsson","status":"publish","type":"page","link":"https:\/\/lmsr.is\/?page_id=854","title":{"rendered":"\u00dalfar Gu\u00f0mundsson"},"content":{"rendered":"<div class=\"tf-flash-messages\"><\/div>\n<div id=\"shortcode-hcard-vcard-widget-\" class=\"widget hcard-vcard-generator-widget vcard\">\n<h2 class=\"hcard-vcard-title\">\u00dalfar Gu\u00f0mundsson<\/h2>\n<div><img src=\"https:\/\/lmsr.is\/wp-content\/uploads\/2018\/11\/ulfar.jpg\" class=\"photo fn\" alt=\"\u00dalfar Gu\u00f0mundsson\" \/><\/p>\n<div class=\"fn\">\u00dalfar Gu\u00f0mundsson<\/div>\n<div class=\"title\">H\u00e9ra\u00f0sd\u00f3msl\u00f6gma\u00f0ur<\/div>\n<div class=\"org url\">\n\t\t\t\t<a href=\"http:\/\/www.lmsr.is\">L\u00f6gmannsstofa Reykjaness<\/a><\/div>\n<div class=\"adr\">\n<div class=\"street-address\">Hafnarg\u00f6tu 35<\/div>\n<p>\t\t\t\t\t<span class=\"locality\">230 Reykjanesb\u00e6<\/span>,<br \/>\n\t\t\t\t\t<span class=\"region\"><\/span><br \/>\n\t\t\t\t\t<span class=\"postal-code\"><\/span> <\/p>\n<div class=\"country-name\"><\/div>\n<\/p><\/div>\n<div class=\"tel\"><span class=\"type work\">Phone: <\/span> 415-0664<\/div>\n<div class=\"tel\"><span class=\"type cell\">Mobile: <\/span> 844-7188<\/div>\n<div class=\"email\"><a href=\"mailto:ulfarg@lmsr.is\">ulfarg@lmsr.is<\/a><\/div>\n<div class=\"vcard_button\">\n\t\t\t\t\t<a href=\"https:\/\/lmsr.is\/wp-content\/uploads\/ulfar.vcf\">vCard<\/a>\n\t\t\t\t<\/div>\n<\/div><\/div>\n<p><a href=\"wp-content\/uploads\/ulfar.vcf\" target=\"_blank\"><img decoding=\"async\" loading=\"lazy\" src=\"https:\/\/lmsr.is\/wp-content\/uploads\/2013\/10\/vcard.jpg\" alt=\"vCard\" width=\"60\" height=\"60\" \/><\/a><\/p>\n<p>\u00dalfar er f\u00e6ddur \u00ed Gar\u00f0i 1984.<\/p>\n<p><strong>Menntun:<\/strong><br \/>\n\u2022 L\u00f6ggiltur fasteignasali 2015.<br \/>\n\u2022 H\u00e9ra\u00f0sd\u00f3msl\u00f6gma\u00f0ur vori\u00f0 2012.<br \/>\n\u2022 M.L. (Magister legum) fr\u00e1 lagadeild H\u00e1sk\u00f3lans \u00e1 Bifr\u00f6st 2011.<br \/>\n\u2022 B.Sc. \u00ed vi\u00f0skiptal\u00f6gfr\u00e6\u00f0i fr\u00e1 lagadeild H\u00e1sk\u00f3lans \u00e1 Bifr\u00f6st 2008.<br \/>\n\u2022 Skiptin\u00e1m vi\u00f0 lagadeild Ka\u00fe\u00f3lska h\u00e1sk\u00f3lans P\u00e1zm\u00e1ny P\u00e9ter \u00ed B\u00fadapest, Ungverjalandi 2006.<br \/>\n\u2022 St\u00fadent fr\u00e1 Fj\u00f6lbrautask\u00f3la Su\u00f0urnesja 2005.<\/p>\n<p>\u00dalfar hefur einnig s\u00f3tt fj\u00f6lm\u00f6rg n\u00e1mskei\u00f0 \u00e1 vegum L\u00f6gmannaf\u00e9lags \u00cdslands (LMF\u00cd)<\/p>\n<p><strong>Starfsferill:<\/strong><br \/>\n\u2022 L\u00f6gmannsstofa Reykjaness fr\u00e1 desember 2015.<br \/>\n\u2022 L\u00f6gfr\u00e6\u00f0istofa Reykjanesb\u00e6jar 2012-2015.<br \/>\n\u2022 Sj\u00e1lfst\u00e6tt starfandi l\u00f6gfr\u00e6\u00f0ingur \u00ed samstarfi vi\u00f0 L\u00f6gfr\u00e6\u00f0istofu \u00cdslands 2011-2012.<br \/>\n\u2022 Bl\u00e1a L\u00f3ni\u00f0 hf 2005-2011.<br \/>\n\u2022 \u00ddmis verkamannast\u00f6rf 1998-2005.<\/p>\n<p><strong>M\u00e1laflokkar:<\/strong><br \/>\n\u2022 M\u00e1lflutningur<br \/>\n\u2022 Verjandast\u00f6rf<br \/>\n\u2022 R\u00e9ttarg\u00e6sla<br \/>\n\u2022 Ska\u00f0ab\u00f3tam\u00e1l, v\u00e1tryggingarm\u00e1l og fasteignam\u00e1l<br \/>\n\u2022 Barnaverndarm\u00e1l<br \/>\n\u2022 Skiptam\u00e1l (\u00ferotab\u00fas- og d\u00e1narb\u00fasskipti)<br \/>\n\u2022 Kr\u00f6fu- og samningar\u00e9ttur<\/p>\n<p><strong>F\u00e9lagslega hli\u00f0in:<\/strong><br \/>\n\u00c1hugam\u00e1l \u00dalfars eru eldamennska, salsa, fer\u00f0al\u00f6g og bridds.<\/p>\n","protected":false},"excerpt":{"rendered":"<p>\u00dalfar er f\u00e6ddur \u00ed Gar\u00f0i 1984. Menntun: \u2022 L\u00f6ggiltur fasteignasali 2015. \u2022 H\u00e9ra\u00f0sd\u00f3msl\u00f6gma\u00f0ur vori\u00f0 2012. \u2022 M.L. (Magister legum) fr\u00e1 lagadeild H\u00e1sk\u00f3lans \u00e1 Bifr\u00f6st 2011. \u2022 B.Sc. \u00ed vi\u00f0skiptal\u00f6gfr\u00e6\u00f0i fr\u00e1 lagadeild H\u00e1sk\u00f3lans \u00e1 Bifr\u00f6st 2008. \u2022 Skiptin\u00e1m vi\u00f0 lagadeild Ka\u00fe\u00f3lska h\u00e1sk\u00f3lans P\u00e1zm\u00e1ny P\u00e9ter \u00ed B\u00fadapest, Ungverjalandi 2006. \u2022 St\u00fadent fr\u00e1 Fj\u00f6lbrautask\u00f3la Su\u00f0urnesja 2005. \u00dalfar hefur.<\/p>\n","protected":false},"author":1,"featured_media":0,"parent":0,"menu_order":0,"comment_status":"closed","ping_status":"closed","template":"","meta":[],"_links":{"self":[{"href":"https:\/\/lmsr.is\/index.php?rest_route=\/wp\/v2\/pages\/854"}],"collection":[{"href":"https:\/\/lmsr.is\/index.php?rest_route=\/wp\/v2\/pages"}],"about":[{"href":"https:\/\/lmsr.is\/index.php?rest_route=\/wp\/v2\/types\/page"}],"author":[{"embeddable":true,"href":"https:\/\/lmsr.is\/index.php?rest_route=\/wp\/v2\/users\/1"}],"replies":[{"embeddable":true,"href":"https:\/\/lmsr.is\/index.php?rest_route=%2Fwp%2Fv2%2Fcomments&post=854"}],"version-history":[{"count":17,"href":"https:\/\/lmsr.is\/index.php?rest_route=\/wp\/v2\/pages\/854\/revisions"}],"predecessor-version":[{"id":1089,"href":"https:\/\/lmsr.is\/index.php?rest_route=\/wp\/v2\/pages\/854\/revisions\/1089"}],"wp:attachment":[{"href":"https:\/\/lmsr.is\/index.php?rest_route=%2Fwp%2Fv2%2Fmedia&parent=854"}],"curies":[{"name":"wp","href":"https:\/\/api.w.org\/{rel}","templated":true}]}}